{"id":469,"date":"2024-11-17T20:24:21","date_gmt":"2024-11-17T20:24:21","guid":{"rendered":"https:\/\/cargone.ca\/?post_type=product&#038;p=469"},"modified":"2025-03-24T19:02:24","modified_gmt":"2025-03-24T19:02:24","slug":"cargone-solution-uno-longtail","status":"publish","type":"product","link":"https:\/\/cargone.ca\/en\/product\/cargone-solution-uno-longtail\/","title":{"rendered":"Cargone Solution UNO Longtail"},"content":{"rendered":"<table>\n<tbody>\n<tr>\n<td>Frame<\/td>\n<td>Cargone Solution Longtail Aluminum 6061-T6, BOOST spacing, internal cable routing, integrated wide loaders and foot decks<\/td>\n<\/tr>\n<tr>\n<td>Fork<\/td>\n<td>Suntour Mobie A32-Cargo avec lock-out, d\u00e9battement de 70 mm, garde-boue complet avec bavette en caoutchou<\/td>\n<\/tr>\n<tr>\n<td>Wheel skirt<\/td>\n<td>Panneaux d&rsquo;ABS noirs<\/td>\n<\/tr>\n<tr>\n<td>Kickstand<\/td>\n<td>Kickstand, extra-wide and heavy-duty<\/td>\n<\/tr>\n<tr>\n<td>Electric system<\/td>\n<td>Bosch Cargo Line Gen 4 with Kiox display<\/td>\n<\/tr>\n<tr>\n<td>Lights<\/td>\n<td>\n<ul>\n<li style=\"font-weight: 400;\" aria-level=\"1\">Front: Roxim Z3EK 13W hi\/lo beam w\/ remote control<\/li>\n<li style=\"font-weight: 400;\" aria-level=\"1\">Rear: Roxim R7EA Smart with motion-detect brake light<\/li>\n<\/ul>\n<\/td>\n<\/tr>\n<tr>\n<td>Battery<\/td>\n<td>\u00a0Bosch Rack Type 500Wh concealed over the rear wheel<\/td>\n<\/tr>\n<tr>\n<td>Drivetrain<\/td>\n<td>\n<ul>\n<li style=\"font-weight: 400;\" aria-level=\"1\"><span style=\"font-weight: 400;\">Microshift Advent 9 Speed Clutch Rear Derailleur<\/span><\/li>\n<li style=\"font-weight: 400;\" aria-level=\"1\"><span style=\"font-weight: 400;\">Advent Trail Pro Shifter<br \/>\n<\/span><\/li>\n<li style=\"font-weight: 400;\" aria-level=\"1\"><span style=\"font-weight: 400;\">Cassette 11-46<br \/>\n<\/span><\/li>\n<li style=\"font-weight: 400;\" aria-level=\"1\"><span style=\"font-weight: 400;\">KMC E9 Chain<br \/>\n<\/span><\/li>\n<li style=\"font-weight: 400;\" aria-level=\"1\"><span style=\"font-weight: 400;\">Miranda NW 52T chainring with chainguard<br \/>\n<\/span><\/li>\n<\/ul>\n<\/td>\n<\/tr>\n<tr>\n<td>Wheels<\/td>\n<td>\n<ul>\n<li style=\"font-weight: 400;\" aria-level=\"1\"><span style=\"font-weight: 400;\">Alex Rims MD30 w\/SSE 36H<\/span><\/li>\n<li style=\"font-weight: 400;\" aria-level=\"1\"><span style=\"font-weight: 400;\">F:15\u00d7110 Thru-Axle<br \/>\n<\/span><\/li>\n<li style=\"font-weight: 400;\" aria-level=\"1\"><span style=\"font-weight: 400;\">R: 12\u00d7148 Thru-Axle<br \/>\n<\/span><\/li>\n<li style=\"font-weight: 400;\" aria-level=\"1\"><span style=\"font-weight: 400;\">Pillar P14 2.0 Spokes<br \/>\n<\/span><\/li>\n<li style=\"font-weight: 400;\" aria-level=\"1\"><span style=\"font-weight: 400;\">Brass nipples<br \/>\n<\/span><\/li>\n<\/ul>\n<\/td>\n<\/tr>\n<tr>\n<td><span style=\"font-weight: 400;\">Tubes<\/span><\/td>\n<td>Schwalbe Air-Plus SV7AP 20\u201d, thick tubes<\/td>\n<\/tr>\n<tr>\n<td><span style=\"font-weight: 400;\">Tires<\/span><\/td>\n<td>\n<ul>\n<li style=\"font-weight: 400;\" aria-level=\"1\"><span style=\"font-weight: 400;\">F: Schwalbe Pick-up 20\u00d72.15<\/span><\/li>\n<li style=\"font-weight: 400;\" aria-level=\"1\"><span style=\"font-weight: 400;\">R: Schwalbe Pick-up 20\u00d72.15<\/span><\/li>\n<\/ul>\n<\/td>\n<\/tr>\n<tr>\n<td>Brakes<\/td>\n<td>Magura MT5 4 pistons<\/td>\n<\/tr>\n<tr>\n<td><span style=\"font-weight: 400;\">Rotors<\/span><\/td>\n<td>Magura MDR-C 180mm F&amp;R<\/td>\n<\/tr>\n<tr>\n<td><span style=\"font-weight: 400;\">Cockpit<\/span><\/td>\n<td>\n<ul>\n<li>M\u00e2t Ergotech UP &amp; DOWN TURN3<span style=\"font-weight: 400;\"><br \/>\n<\/span><\/li>\n<li style=\"font-weight: 400;\" aria-level=\"1\"><span style=\"font-weight: 400;\">Satori handlebar 31.8, 720mm<\/span><\/li>\n<\/ul>\n<\/td>\n<\/tr>\n<tr>\n<td>Grips<\/td>\n<td><span style=\"font-weight: 400;\">Herrmanns Clik lock ergo grips<\/span><\/td>\n<\/tr>\n<tr>\n<td>Saddle<\/td>\n<td><span style=\"font-weight: 400;\">Selle Royal Lookin 3D<\/span><\/td>\n<\/tr>\n<tr>\n<td><span style=\"font-weight: 400;\">Seat post<\/span><\/td>\n<td>KALLOY 400mm, 34.9mm O.D., 25mm offset Seat Post<\/td>\n<\/tr>\n<tr>\n<td><span style=\"font-weight: 400;\">Pedals<\/span><\/td>\n<td><span style=\"font-weight: 400;\">VP-183 w\/ reflector<\/span><\/td>\n<\/tr>\n<\/tbody>\n<\/table>\n<p><a tabindex=\"-1\" href=\"https:\/\/cargone.ca\/wp-content\/uploads\/2024\/08\/User-Manual-Cargone-Solution-Longtail.pdf\">\u00a0<\/a><\/p>\n<h3><a href=\"https:\/\/cargone.ca\/wp-content\/uploads\/2024\/08\/User-Manual-Cargone-Solution-Longtail.pdf\"><br \/>\n<\/a><a href=\"https:\/\/cargone.ca\/wp-content\/uploads\/2025\/01\/Cargone-Solution-Longtail-Manuel-dutilisation.pdf\" target=\"_blank\" rel=\"noopener\">Download User Manual<\/a><\/h3>\n<p><a href=\"https:\/\/cargone.ca\/wp-content\/uploads\/2025\/01\/User-Manual-Cargone-Solution-Longtail.pdf\" target=\"_blank\" rel=\"noopener\">User Manual - Solution Longtail - English<\/a><\/p>\n<p><a href=\"https:\/\/cargone.ca\/wp-content\/uploads\/2025\/01\/Cargone-Solution-Longtail-Manuel-dutilisation.pdf\" target=\"_blank\" rel=\"noopener\">User Manual - Solution Longtail - French<\/a><\/p>","protected":false},"excerpt":{"rendered":"<p class=\"translation-block\">Discover the Cargone Solution UNO Longtail, the best e cargo bike designed and made in Canada that turns every journey into a smooth experience thanks to its Bosch Cargo Line drive unit.<\/p>\n<p>Le Cargone Solution UNO Longtail, comporte une batterie 500Wh qui suffit pour la majorit\u00e9 des d\u00e9placements au cours d&rsquo;une journ\u00e9e.<\/p>\n<p>Safely carry 2 kids, 1 adult passenger, the family dog, or up to 200 kg total.<\/p>\n<p>With its optional patent pending Albatros loading system, transport passengers and groceries with ease, without compromising on capacity or comfort.<\/p>\n<p>Designed for safety, durability and sharing, the Solution Longtail Cargone is the perfect ally for your urban adventures and beyond.<\/p>\n<p><strong>It\u2019s efficient and sustainable mobility, reinvented.<\/strong><\/p>","protected":false},"featured_media":470,"template":"","meta":{"_acf_changed":false,"_seopress_robots_primary_cat":"none","_seopress_titles_title":"%%post_title%% %%sep%% %%sitetitle%%","_seopress_titles_desc":"D\u00e9couvrez la Solution Longtail en aluminium 6061-T6 avec moteur Bosch Cargo Line. Id\u00e9al pour le transport, avec suspension Suntour et freins Magura.","_seopress_robots_index":""},"product_brand":[],"product_cat":[18,19],"product_tag":[20],"class_list":{"0":"post-469","1":"product","2":"type-product","3":"status-publish","4":"has-post-thumbnail","6":"product_cat-produits","7":"product_cat-velos","8":"product_tag-velo","10":"first","11":"instock","12":"featured","13":"taxable","14":"shipping-taxable","15":"purchasable","16":"product-type-variable"},"acf":[],"_links":{"self":[{"href":"https:\/\/cargone.ca\/en\/wp-json\/wp\/v2\/product\/469","targetHints":{"allow":["GET"]}}],"collection":[{"href":"https:\/\/cargone.ca\/en\/wp-json\/wp\/v2\/product"}],"about":[{"href":"https:\/\/cargone.ca\/en\/wp-json\/wp\/v2\/types\/product"}],"wp:featuredmedia":[{"embeddable":true,"href":"https:\/\/cargone.ca\/en\/wp-json\/wp\/v2\/media\/470"}],"wp:attachment":[{"href":"https:\/\/cargone.ca\/en\/wp-json\/wp\/v2\/media?parent=469"}],"wp:term":[{"taxonomy":"product_brand","embeddable":true,"href":"https:\/\/cargone.ca\/en\/wp-json\/wp\/v2\/product_brand?post=469"},{"taxonomy":"product_cat","embeddable":true,"href":"https:\/\/cargone.ca\/en\/wp-json\/wp\/v2\/product_cat?post=469"},{"taxonomy":"product_tag","embeddable":true,"href":"https:\/\/cargone.ca\/en\/wp-json\/wp\/v2\/product_tag?post=469"}],"curies":[{"name":"wp","href":"https:\/\/api.w.org\/{rel}","templated":true}]}}