{"id":423,"date":"2024-11-17T20:22:22","date_gmt":"2024-11-17T20:22:22","guid":{"rendered":"https:\/\/cargone.ca\/?post_type=product&#038;p=423"},"modified":"2025-04-09T14:29:47","modified_gmt":"2025-04-09T14:29:47","slug":"banc-cargone","status":"publish","type":"product","link":"https:\/\/cargone.ca\/en\/product\/banc-cargone\/","title":{"rendered":"Cargone Seat Pad"},"content":{"rendered":"<ul>\n<li>Comfortable cushion for Cargone Longtail luggage rack<\/li>\n<li>Can accommodate up to two seat cushions on your Cargone Longtail<\/li>\n<li>Water-resistant design for all-weather riding<\/li>\n<\/ul>","protected":false},"excerpt":{"rendered":"<p>The Cargone seat cushion allows the passenger to ride on the back of the Cargone bike in complete comfort.<\/p>","protected":false},"featured_media":426,"template":"","meta":{"_acf_changed":false,"_seopress_robots_primary_cat":"24","_seopress_titles_title":"Banc Cargone","_seopress_titles_desc":"Le coussin de si\u00e8ge Cargone permet au passager de rouler \u00e0 l'arri\u00e8re du v\u00e9lo Cargone dans un confort total.","_seopress_robots_index":""},"product_brand":[],"product_cat":[24,18],"product_tag":[25],"class_list":{"0":"post-423","1":"product","2":"type-product","3":"status-publish","4":"has-post-thumbnail","6":"product_cat-accessoires","7":"product_cat-produits","8":"product_tag-accessoire","10":"first","11":"instock","12":"featured","13":"taxable","14":"shipping-taxable","15":"purchasable","16":"product-type-simple"},"acf":[],"_links":{"self":[{"href":"https:\/\/cargone.ca\/en\/wp-json\/wp\/v2\/product\/423","targetHints":{"allow":["GET"]}}],"collection":[{"href":"https:\/\/cargone.ca\/en\/wp-json\/wp\/v2\/product"}],"about":[{"href":"https:\/\/cargone.ca\/en\/wp-json\/wp\/v2\/types\/product"}],"wp:featuredmedia":[{"embeddable":true,"href":"https:\/\/cargone.ca\/en\/wp-json\/wp\/v2\/media\/426"}],"wp:attachment":[{"href":"https:\/\/cargone.ca\/en\/wp-json\/wp\/v2\/media?parent=423"}],"wp:term":[{"taxonomy":"product_brand","embeddable":true,"href":"https:\/\/cargone.ca\/en\/wp-json\/wp\/v2\/product_brand?post=423"},{"taxonomy":"product_cat","embeddable":true,"href":"https:\/\/cargone.ca\/en\/wp-json\/wp\/v2\/product_cat?post=423"},{"taxonomy":"product_tag","embeddable":true,"href":"https:\/\/cargone.ca\/en\/wp-json\/wp\/v2\/product_tag?post=423"}],"curies":[{"name":"wp","href":"https:\/\/api.w.org\/{rel}","templated":true}]}}