{"id":419,"date":"2024-11-17T20:22:19","date_gmt":"2024-11-17T20:22:19","guid":{"rendered":"https:\/\/cargone.ca\/?post_type=product&#038;p=419"},"modified":"2025-01-30T19:03:54","modified_gmt":"2025-01-30T19:03:54","slug":"tannus-armour","status":"publish","type":"product","link":"https:\/\/cargone.ca\/en\/product\/tannus-armour\/","title":{"rendered":"Tannus Armour puncture-resistant insert"},"content":{"rendered":"<ul>\n<li>Sold individually \u2013 can be used for front or rear wheels<\/li>\n<li>Reduced risk of punctures<\/li>\n<li>Protects your rims from impacts and sharp objects<\/li>\n<li>Sidewall protection<\/li>\n<li>Ideal for cargo bikes<\/li>\n<\/ul>","protected":false},"excerpt":{"rendered":"<p>Discover Tannus Armour, the essential puncture-proof insert for cargo bikes. Ideal for maximum protection, even with two children on board, it effectively prevents punctures, guaranteeing instant peace of mind on your daily commute.<\/p>\n<p>Cargone includes installation in the purchase price of your Longtail Cargone!<\/p>","protected":false},"featured_media":420,"template":"","meta":{"_acf_changed":false,"_seopress_robots_primary_cat":"none","_seopress_titles_title":"%%post_title%% %%sep%% %%sitetitle%%","_seopress_titles_desc":"Roulez en toute confiance! R\u00e9duit le risque de crevaison et prot\u00e8ge vos jantes et flancs. Id\u00e9al pour les v\u00e9los cargo, vendu \u00e0 l'unit\u00e9.","_seopress_robots_index":""},"product_brand":[],"product_cat":[24,18],"product_tag":[25],"class_list":{"0":"post-419","1":"product","2":"type-product","3":"status-publish","4":"has-post-thumbnail","6":"product_cat-accessoires","7":"product_cat-produits","8":"product_tag-accessoire","10":"first","11":"instock","12":"taxable","13":"shipping-taxable","14":"purchasable","15":"product-type-simple"},"acf":[],"_links":{"self":[{"href":"https:\/\/cargone.ca\/en\/wp-json\/wp\/v2\/product\/419","targetHints":{"allow":["GET"]}}],"collection":[{"href":"https:\/\/cargone.ca\/en\/wp-json\/wp\/v2\/product"}],"about":[{"href":"https:\/\/cargone.ca\/en\/wp-json\/wp\/v2\/types\/product"}],"wp:featuredmedia":[{"embeddable":true,"href":"https:\/\/cargone.ca\/en\/wp-json\/wp\/v2\/media\/420"}],"wp:attachment":[{"href":"https:\/\/cargone.ca\/en\/wp-json\/wp\/v2\/media?parent=419"}],"wp:term":[{"taxonomy":"product_brand","embeddable":true,"href":"https:\/\/cargone.ca\/en\/wp-json\/wp\/v2\/product_brand?post=419"},{"taxonomy":"product_cat","embeddable":true,"href":"https:\/\/cargone.ca\/en\/wp-json\/wp\/v2\/product_cat?post=419"},{"taxonomy":"product_tag","embeddable":true,"href":"https:\/\/cargone.ca\/en\/wp-json\/wp\/v2\/product_tag?post=419"}],"curies":[{"name":"wp","href":"https:\/\/api.w.org\/{rel}","templated":true}]}}