{"id":416,"date":"2024-11-17T20:22:12","date_gmt":"2024-11-17T20:22:12","guid":{"rendered":"https:\/\/cargone.ca\/?post_type=product&#038;p=416"},"modified":"2025-05-17T16:55:34","modified_gmt":"2025-05-17T16:55:34","slug":"siege-de-velo-polisport-guppy","status":"publish","type":"product","link":"https:\/\/cargone.ca\/en\/product\/bike-polisport-guppy-seat\/","title":{"rendered":"Polisport Guppy Child Seat"},"content":{"rendered":"<ul>\n<li>Use with or without our Albatros loading system<\/li>\n<li>Harnais de s\u00e9curit\u00e9 2 points<\/li>\n<li>Autocollants de s\u00e9curit\u00e9 r\u00e9fl\u00e9chissants<\/li>\n<li>\u00c2ge minimum de l&rsquo;enfant \u2013 6 ans<\/li>\n<li>Pour les enfants qui p\u00e8sent jusqu&rsquo;\u00e0 35 kg<\/li>\n<\/ul>","protected":false},"excerpt":{"rendered":"<p>Pratique et stable: voil\u00e0 les caract\u00e9ristiques les plus importantes ont valu au si\u00e8ge Guppy le IF Design Award et le German Design Award. En effet, il combine un design simple et pratique avec un double rev\u00eatement robuste et une structure l\u00e9g\u00e8re qui r\u00e9siste \u00e0 une utilisation quotidienne.<\/p>","protected":false},"featured_media":417,"template":"","meta":{"_acf_changed":false,"_seopress_robots_primary_cat":"none","_seopress_titles_title":"%%post_title%% %%sep%% %%sitetitle%%","_seopress_titles_desc":"D\u00e9couvrez notre si\u00e8ge pour enfant Polisport Guppy, assurant la s\u00e9curit\u00e9 des enfants d\u00e8s 6 ans jusqu'\u00e0 35 kg avec autocollants r\u00e9fl\u00e9chissants.","_seopress_robots_index":""},"product_brand":[],"product_cat":[24,18],"product_tag":[25],"class_list":{"0":"post-416","1":"product","2":"type-product","3":"status-publish","4":"has-post-thumbnail","6":"product_cat-accessoires","7":"product_cat-produits","8":"product_tag-accessoire","10":"first","11":"outofstock","12":"taxable","13":"shipping-taxable","14":"purchasable","15":"product-type-simple"},"acf":[],"_links":{"self":[{"href":"https:\/\/cargone.ca\/en\/wp-json\/wp\/v2\/product\/416","targetHints":{"allow":["GET"]}}],"collection":[{"href":"https:\/\/cargone.ca\/en\/wp-json\/wp\/v2\/product"}],"about":[{"href":"https:\/\/cargone.ca\/en\/wp-json\/wp\/v2\/types\/product"}],"wp:featuredmedia":[{"embeddable":true,"href":"https:\/\/cargone.ca\/en\/wp-json\/wp\/v2\/media\/417"}],"wp:attachment":[{"href":"https:\/\/cargone.ca\/en\/wp-json\/wp\/v2\/media?parent=416"}],"wp:term":[{"taxonomy":"product_brand","embeddable":true,"href":"https:\/\/cargone.ca\/en\/wp-json\/wp\/v2\/product_brand?post=416"},{"taxonomy":"product_cat","embeddable":true,"href":"https:\/\/cargone.ca\/en\/wp-json\/wp\/v2\/product_cat?post=416"},{"taxonomy":"product_tag","embeddable":true,"href":"https:\/\/cargone.ca\/en\/wp-json\/wp\/v2\/product_tag?post=416"}],"curies":[{"name":"wp","href":"https:\/\/api.w.org\/{rel}","templated":true}]}}