{"id":414,"date":"2024-11-17T20:22:03","date_gmt":"2024-11-17T20:22:03","guid":{"rendered":"https:\/\/cargone.ca\/?post_type=product&#038;p=414"},"modified":"2025-10-03T19:03:47","modified_gmt":"2025-10-03T19:03:47","slug":"siege-de-velo-polisport-bubbly-maxi-plus-cfs","status":"publish","type":"product","link":"https:\/\/cargone.ca\/en\/product\/bike-polisport-seat-bubbly-maxi-plus-cfs\/","title":{"rendered":"Polisport Bubbly Maxi Plus CFS Child Seat"},"content":{"rendered":"<ul>\n<li>Use with or without our Albatros loading system<\/li>\n<li>3 point safety harness<\/li>\n<li>Adjustable footrest<\/li>\n<li>Comfortable and waterproof cushion<\/li>\n<li>Ideal for children up to 22kg<\/li>\n<\/ul>","protected":false},"excerpt":{"rendered":"<p>The Bubbly Maxi+ CFS is a small rear bike seat ideal for attachment to luggage racks. Compatible with electric bikes, this rear model is perfect for children weighing up to 22 kg. The Bubbly is ergonomically shaped for comfortable helmet use. In addition, both the footrest and seat belts are adjustable, allowing excellent adjustment to the child\u2019s growth.<\/p>","protected":false},"featured_media":415,"template":"","meta":{"_acf_changed":false,"_seopress_robots_primary_cat":"none","_seopress_titles_title":"%%post_title%% %%sep%% %%sitetitle%%","_seopress_titles_desc":"S\u00e9curisez votre enfant avec le harnais 3 points Albatros. Ajustable, confortable et imperm\u00e9able pour les enfants jusqu'\u00e0 22 kg.","_seopress_robots_index":""},"product_brand":[],"product_cat":[24,18],"product_tag":[25],"class_list":{"0":"post-414","1":"product","2":"type-product","3":"status-publish","4":"has-post-thumbnail","6":"product_cat-accessoires","7":"product_cat-produits","8":"product_tag-accessoire","10":"first","11":"instock","12":"taxable","13":"shipping-taxable","14":"purchasable","15":"product-type-simple"},"acf":[],"_links":{"self":[{"href":"https:\/\/cargone.ca\/en\/wp-json\/wp\/v2\/product\/414","targetHints":{"allow":["GET"]}}],"collection":[{"href":"https:\/\/cargone.ca\/en\/wp-json\/wp\/v2\/product"}],"about":[{"href":"https:\/\/cargone.ca\/en\/wp-json\/wp\/v2\/types\/product"}],"wp:featuredmedia":[{"embeddable":true,"href":"https:\/\/cargone.ca\/en\/wp-json\/wp\/v2\/media\/415"}],"wp:attachment":[{"href":"https:\/\/cargone.ca\/en\/wp-json\/wp\/v2\/media?parent=414"}],"wp:term":[{"taxonomy":"product_brand","embeddable":true,"href":"https:\/\/cargone.ca\/en\/wp-json\/wp\/v2\/product_brand?post=414"},{"taxonomy":"product_cat","embeddable":true,"href":"https:\/\/cargone.ca\/en\/wp-json\/wp\/v2\/product_cat?post=414"},{"taxonomy":"product_tag","embeddable":true,"href":"https:\/\/cargone.ca\/en\/wp-json\/wp\/v2\/product_tag?post=414"}],"curies":[{"name":"wp","href":"https:\/\/api.w.org\/{rel}","templated":true}]}}