{"id":395,"date":"2024-11-17T20:21:02","date_gmt":"2024-11-17T20:21:02","guid":{"rendered":"https:\/\/cargone.ca\/?post_type=product&#038;p=395"},"modified":"2025-02-25T18:19:52","modified_gmt":"2025-02-25T18:19:52","slug":"cargone-solution-longtail","status":"publish","type":"product","link":"https:\/\/cargone.ca\/en\/product\/cargone-solution-longtail\/","title":{"rendered":"Cargone Solution DUO Longtail"},"content":{"rendered":"<h2><\/h2>\n<table dir=\"ltr\" border=\"1\" cellspacing=\"0\" cellpadding=\"0\" data-sheets-root=\"1\">\n<tbody>\n<tr>\n<td data-sheets-value=\"{&quot;1&quot;:2,&quot;2&quot;:&quot;Cadre&quot;}\">Frame<\/td>\n<td data-sheets-value=\"{&quot;1&quot;:2,&quot;2&quot;:&quot;Cargone Solution Longtail Aluminum 6061T6, BOOST spacing, internal cable routing, integrated wideloaders and foot decks&quot;}\">Cargone Solution Longtail Aluminum 6061-T6, BOOST spacing, internal cable routing, integrated wide loaders and foot decks<\/td>\n<\/tr>\n<tr>\n<td data-sheets-value=\"{&quot;1&quot;:2,&quot;2&quot;:&quot;Fourche&quot;}\">Fork<\/td>\n<td data-sheets-value=\"{&quot;1&quot;:2,&quot;2&quot;:&quot;Suntour MOBIE A32-Cargo with lockout, 70mm travel, full fender with rubber tail&quot;}\">Suntour MOBIE A32-Cargo with lockout, 70mm travel, full fender with rubber tail<\/td>\n<\/tr>\n<tr>\n<td data-sheets-value=\"{&quot;1&quot;:2,&quot;2&quot;:&quot;Jupette de roue arri\u00e8re int\u00e9grale&quot;}\">Wheel skirt<\/td>\n<td data-sheets-value=\"{&quot;1&quot;:2,&quot;2&quot;:&quot;600D black coated-polyester fabric on HDPE reinforcement integral wheelskirt, quick rear wheel access&quot;}\">Panneaux d&rsquo;ABS noirs<\/td>\n<\/tr>\n<tr>\n<td data-sheets-value=\"{&quot;1&quot;:2,&quot;2&quot;:&quot;B\u00e9quille&quot;}\">Kickstand<\/td>\n<td data-sheets-value=\"{&quot;1&quot;:2,&quot;2&quot;:&quot;Kickstand, extra-wide and heavy-duty&quot;}\">B\u00e9quille, extra-large de 21 pouces et robuste<\/td>\n<\/tr>\n<tr>\n<td data-sheets-value=\"{&quot;1&quot;:2,&quot;2&quot;:&quot;Syst\u00e8me \u00e9lectrique&quot;}\">Electric system<\/td>\n<td data-sheets-value=\"{&quot;1&quot;:2,&quot;2&quot;:&quot;Bosch CargoLine Gen 4 with Kiox display&quot;}\">Bosch Cargo Line Gen 4 with Kiox display<\/td>\n<\/tr>\n<tr>\n<td data-sheets-value=\"{&quot;1&quot;:2,&quot;2&quot;:&quot;Lumi\u00e8res&quot;}\">Lights<\/td>\n<td data-sheets-value=\"{&quot;1&quot;:2,&quot;2&quot;:&quot;Front: Roxim Z3EK 13W hi\/lo beam remote control, Rear: Roxim R7EA Smart with motion-detect brake light&quot;}\">\n<ul>\n<li>Front: Roxim Z3EK 13W hi\/lo beam w\/ remote control<\/li>\n<li>Rear: Roxim R7EA Smart with motion-detect brake light<\/li>\n<\/ul>\n<\/td>\n<\/tr>\n<tr>\n<td data-sheets-value=\"{&quot;1&quot;:2,&quot;2&quot;:&quot;Batterie 1&quot;}\">Battery 1: STANDARD<\/td>\n<td data-sheets-value=\"{&quot;1&quot;:2,&quot;2&quot;:&quot;STANDARD: Bosch Powertube Vertical 625Wh inside downtube, includes second battery wiring and cradle&quot;}\">Bosch Powertube Vertical 625Wh downtube battery. Second battery wiring and cradle pre-installed<\/td>\n<\/tr>\n<tr>\n<td data-sheets-value=\"{&quot;1&quot;:2,&quot;2&quot;:&quot;Batterie 2&quot;}\">Battery 2: DUAL BATTERY UPGRADE<\/td>\n<td data-sheets-value=\"{&quot;1&quot;:2,&quot;2&quot;:&quot;DUAL BATTERY UPGRADE: Bosch Rack Type 500Wh concealed over rear wheel&quot;}\">Bosch Rack Type 500Wh concealed over the rear wheel<\/td>\n<\/tr>\n<tr>\n<td data-sheets-value=\"{&quot;1&quot;:2,&quot;2&quot;:&quot;Transmission&quot;}\">Drivetrain<\/td>\n<td data-sheets-value=\"{&quot;1&quot;:2,&quot;2&quot;:&quot;Microshift Advent 9 Speed Clutch Rear Derailleur, Advent Trail Pro Shifter, Cassette 11-46, KMC E9 Chain, Miranda NW 52T chainring with guard&quot;}\">\n<ul>\n<li>Microshift Advent 9 Speed Clutch Rear Derailleur<\/li>\n<li>Advent Trail Pro Shifter<\/li>\n<li>Cassette 11-46<\/li>\n<li>KMC E9 Chain<\/li>\n<li>Miranda NW 52T chainring with chainguard<\/li>\n<\/ul>\n<\/td>\n<\/tr>\n<tr>\n<td data-sheets-value=\"{&quot;1&quot;:2,&quot;2&quot;:&quot;Roues&quot;}\">Wheels<\/td>\n<td data-sheets-value=\"{&quot;1&quot;:2,&quot;2&quot;:&quot;Alex Rims MD30 w\/SSE 36H, F:15x110 Thru-Axle, R: 12x148 Thru-Axle, Pillar P14 2.0 Spokes, Brass nipples&quot;}\">\n<ul>\n<li>Alex Rims MD30 w\/SSE 36H<\/li>\n<li>F:15\u00d7110 Thru-Axle<\/li>\n<li>R\u00a0: 12 \u00d7 148 \u00e0 axe traversant<\/li>\n<li>Pillar P14 2.0 Spokes<\/li>\n<li>Brass nipples<\/li>\n<\/ul>\n<\/td>\n<\/tr>\n<tr>\n<td data-sheets-value=\"{&quot;1&quot;:2,&quot;2&quot;:&quot;Tubes&quot;}\">Tubes<\/td>\n<td data-sheets-value=\"{&quot;1&quot;:2,&quot;2&quot;:&quot;Schwalbe Air-Plus SV7AP 20'', thick tubes&quot;}\">Schwalbe Air-Plus SV7AP 20\u201d, thick tubes<\/td>\n<\/tr>\n<tr>\n<td data-sheets-value=\"{&quot;1&quot;:2,&quot;2&quot;:&quot;Pneus&quot;}\">Tires<\/td>\n<td data-sheets-value=\"{&quot;1&quot;:2,&quot;2&quot;:&quot;F: Schwalbe Pick-up 20x2.15, R: Schalwbe Super Moto-X 20x2.4&quot;}\">\n<ul>\n<li>F: Schwalbe Pick-up 20\u00d72.15<\/li>\n<li><span style=\"font-weight: 400;\">Arri\u00e8re: Pick-up Schwalbe 20\u00d72,15<\/span><\/li>\n<\/ul>\n<\/td>\n<\/tr>\n<tr>\n<td data-sheets-value=\"{&quot;1&quot;:2,&quot;2&quot;:&quot;Freins&quot;}\">Brakes<\/td>\n<td data-sheets-value=\"{&quot;1&quot;:2,&quot;2&quot;:&quot;Magura MT5 4 pistons&quot;}\">Magura MT5 4 pistons<\/td>\n<\/tr>\n<tr>\n<td data-sheets-value=\"{&quot;1&quot;:2,&quot;2&quot;:&quot;Rotors&quot;}\">Rotors<\/td>\n<td data-sheets-value=\"{&quot;1&quot;:2,&quot;2&quot;:&quot;Magura MDR-C 180mm F&amp;R&quot;}\">Magura MDR-C 180mm F&amp;R<\/td>\n<\/tr>\n<tr>\n<td data-sheets-value=\"{&quot;1&quot;:2,&quot;2&quot;:&quot;Cockpit&quot;}\">Cockpit<\/td>\n<td data-sheets-value=\"{&quot;1&quot;:2,&quot;2&quot;:&quot;M\u00e2t de direction Cargone One-size-fit-all with parallelogram tech (patent pending), Satori guidon 31.8, 720mm&quot;}\">\n<ul>\n<li>M\u00e2t Ergotech UP &amp; DOWN TURN3<\/li>\n<li>Satori handlebar 31.8, 720mm<\/li>\n<\/ul>\n<\/td>\n<\/tr>\n<tr>\n<td data-sheets-value=\"{&quot;1&quot;:2,&quot;2&quot;:&quot;Poign\u00e9es&quot;}\">Grips<\/td>\n<td data-sheets-value=\"{&quot;1&quot;:2,&quot;2&quot;:&quot;Herrmanns Clik lock ergo grips&quot;}\">Herrmanns Clik Lock Ergo Grips<\/td>\n<\/tr>\n<tr>\n<td data-sheets-value=\"{&quot;1&quot;:2,&quot;2&quot;:&quot;Selle&quot;}\">Saddle<\/td>\n<td data-sheets-value=\"{&quot;1&quot;:2,&quot;2&quot;:&quot;Selle Royal Lookin 3D&quot;}\">Selle Royal Lookin 3D<\/td>\n<\/tr>\n<tr>\n<td data-sheets-value=\"{&quot;1&quot;:2,&quot;2&quot;:&quot;Poteau de selle&quot;}\">Seat post<\/td>\n<td data-sheets-value=\"{&quot;1&quot;:2,&quot;2&quot;:&quot;Dropper post 34.9x200mm drop with 4-presets (patent pending) with theft protection&quot;}\">Si\u00e8ge t\u00e9l\u00e9scopique 34,9x200mm : 4 pr\u00e9r\u00e9glages (brevet en instance) et protection antivol<\/td>\n<\/tr>\n<tr>\n<td data-sheets-value=\"{&quot;1&quot;:2,&quot;2&quot;:&quot;P\u00e9dales&quot;}\">Pedals<\/td>\n<td data-sheets-value=\"{&quot;1&quot;:2,&quot;2&quot;:&quot;VP-183 w\/ reflector&quot;}\">VP-183 w\/ reflector<\/td>\n<\/tr>\n<\/tbody>\n<\/table>\n<p><a tabindex=\"-1\" href=\"https:\/\/cargone.ca\/wp-content\/uploads\/2024\/08\/User-Manual-Cargone-Solution-Longtail.pdf\">\u00a0<\/a><\/p>\n<h3><a href=\"https:\/\/cargone.ca\/wp-content\/uploads\/2024\/08\/User-Manual-Cargone-Solution-Longtail.pdf\"><br \/>\n<\/a><a href=\"https:\/\/cargone.ca\/wp-content\/uploads\/2025\/01\/Cargone-Solution-Longtail-Manuel-dutilisation.pdf\" target=\"_blank\" rel=\"noopener\">Download User Manual<\/a><\/h3>\n<p><a href=\"https:\/\/cargone.ca\/wp-content\/uploads\/2025\/01\/User-Manual-Cargone-Solution-Longtail.pdf\" target=\"_blank\" rel=\"noopener\">User Manual - Solution Longtail - English<\/a><\/p>\n<p><a href=\"https:\/\/cargone.ca\/wp-content\/uploads\/2025\/01\/Cargone-Solution-Longtail-Manuel-dutilisation.pdf\" target=\"_blank\" rel=\"noopener\">User Manual - Solution Longtail - French<\/a><\/p>","protected":false},"excerpt":{"rendered":"<p>Discover the Cargone Solution DUO Longtail, the best e cargo bike designed and made in Canada that turns every journey into a smooth experience thanks to its Bosch Cargo Line drive unit.\u00a0<a href=\"https:\/\/www.bosch-ebike.com\/ca-fr\/produits\/cargo-line\" target=\"_blank\" rel=\"noopener\">Unit\u00e9 d&rsquo;entra\u00eenement Bosch Cargo Line<\/a>.<\/p>\n<p>Safely carry 2 kids, 1 adult passenger, the family dog, or up to 200 kg total.<\/p>\n<p>With its optional patent pending Albatros loading system, transport passengers and groceries with ease, without compromising on capacity or comfort.<\/p>\n<p>Designed for safety, durability and sharing, the Solution Longtail Cargone is the perfect ally for your urban adventures and beyond.<\/p>\n<p><strong>It\u2019s efficient and sustainable mobility, reinvented.<\/strong><\/p>","protected":false},"featured_media":396,"template":"","meta":{"_acf_changed":false,"_seopress_robots_primary_cat":"none","_seopress_titles_title":"%%post_title%% %%sep%% %%sitetitle%%","_seopress_titles_desc":"Cadre robuste en aluminium avec technologie avanc\u00e9e, id\u00e9al pour le transport large. Profitez d'une autonomie optimis\u00e9e gr\u00e2ce au syst\u00e8me Bosch.","_seopress_robots_index":""},"product_brand":[],"product_cat":[18,19],"product_tag":[20],"class_list":{"0":"post-395","1":"product","2":"type-product","3":"status-publish","4":"has-post-thumbnail","6":"product_cat-produits","7":"product_cat-velos","8":"product_tag-velo","10":"first","11":"instock","12":"featured","13":"taxable","14":"shipping-taxable","15":"purchasable","16":"product-type-variable"},"acf":[],"_links":{"self":[{"href":"https:\/\/cargone.ca\/en\/wp-json\/wp\/v2\/product\/395","targetHints":{"allow":["GET"]}}],"collection":[{"href":"https:\/\/cargone.ca\/en\/wp-json\/wp\/v2\/product"}],"about":[{"href":"https:\/\/cargone.ca\/en\/wp-json\/wp\/v2\/types\/product"}],"wp:featuredmedia":[{"embeddable":true,"href":"https:\/\/cargone.ca\/en\/wp-json\/wp\/v2\/media\/396"}],"wp:attachment":[{"href":"https:\/\/cargone.ca\/en\/wp-json\/wp\/v2\/media?parent=395"}],"wp:term":[{"taxonomy":"product_brand","embeddable":true,"href":"https:\/\/cargone.ca\/en\/wp-json\/wp\/v2\/product_brand?post=395"},{"taxonomy":"product_cat","embeddable":true,"href":"https:\/\/cargone.ca\/en\/wp-json\/wp\/v2\/product_cat?post=395"},{"taxonomy":"product_tag","embeddable":true,"href":"https:\/\/cargone.ca\/en\/wp-json\/wp\/v2\/product_tag?post=395"}],"curies":[{"name":"wp","href":"https:\/\/api.w.org\/{rel}","templated":true}]}}