{"id":1336,"date":"2025-04-09T03:14:00","date_gmt":"2025-04-09T03:14:00","guid":{"rendered":"https:\/\/cargone.ca\/?post_type=product&#038;p=1336"},"modified":"2025-10-03T19:02:21","modified_gmt":"2025-10-03T19:02:21","slug":"poignee-cargone","status":"publish","type":"product","link":"https:\/\/cargone.ca\/en\/product\/poignee-cargone\/","title":{"rendered":"Cargone Handle"},"content":{"rendered":"<p>Versatile and discreet handle, mounted on the rear rack. Provides a solid and secure grip for passengers during turns, bumps, and sudden stops.<\/p>","protected":false},"excerpt":{"rendered":"<p>Versatile and discreet handle, mounted on the rear rack. Provides a solid and secure grip for passengers during turns, bumps, and sudden stops.<\/p>","protected":false},"featured_media":1339,"template":"","meta":{"_acf_changed":false,"_seopress_robots_primary_cat":"none","_seopress_titles_title":"Poign\u00e9e Cargone","_seopress_titles_desc":"Poign\u00e9e polyvalente et discr\u00e8te, s'installant sur le support arri\u00e8re.\u00a0 Permet une prise solide et s\u00e9curitaire pour les passagers lors des virages, bosses et des arr\u00eats brusques.","_seopress_robots_index":""},"product_brand":[],"product_cat":[24,18],"product_tag":[],"class_list":{"0":"post-1336","1":"product","2":"type-product","3":"status-publish","4":"has-post-thumbnail","6":"product_cat-accessoires","7":"product_cat-produits","9":"first","10":"instock","11":"taxable","12":"shipping-taxable","13":"purchasable","14":"product-type-variable"},"acf":[],"_links":{"self":[{"href":"https:\/\/cargone.ca\/en\/wp-json\/wp\/v2\/product\/1336","targetHints":{"allow":["GET"]}}],"collection":[{"href":"https:\/\/cargone.ca\/en\/wp-json\/wp\/v2\/product"}],"about":[{"href":"https:\/\/cargone.ca\/en\/wp-json\/wp\/v2\/types\/product"}],"wp:featuredmedia":[{"embeddable":true,"href":"https:\/\/cargone.ca\/en\/wp-json\/wp\/v2\/media\/1339"}],"wp:attachment":[{"href":"https:\/\/cargone.ca\/en\/wp-json\/wp\/v2\/media?parent=1336"}],"wp:term":[{"taxonomy":"product_brand","embeddable":true,"href":"https:\/\/cargone.ca\/en\/wp-json\/wp\/v2\/product_brand?post=1336"},{"taxonomy":"product_cat","embeddable":true,"href":"https:\/\/cargone.ca\/en\/wp-json\/wp\/v2\/product_cat?post=1336"},{"taxonomy":"product_tag","embeddable":true,"href":"https:\/\/cargone.ca\/en\/wp-json\/wp\/v2\/product_tag?post=1336"}],"curies":[{"name":"wp","href":"https:\/\/api.w.org\/{rel}","templated":true}]}}