{"id":1326,"date":"2025-04-08T15:02:14","date_gmt":"2025-04-08T15:02:14","guid":{"rendered":"https:\/\/cargone.ca\/?post_type=product&#038;p=1326"},"modified":"2025-04-08T15:03:47","modified_gmt":"2025-04-08T15:03:47","slug":"panier-retractable-albatros-230l","status":"publish","type":"product","link":"https:\/\/cargone.ca\/en\/product\/panier-retractable-albatros-230l\/","title":{"rendered":"Panier r\u00e9tractable Albatros &#8211; 230L"},"content":{"rendered":"<p>Syst\u00e8me de chargement arri\u00e8re et r\u00e9tractable Albatros en instance de brevet, transportez facilement les passagers et les courses, sans compromettre la capacit\u00e9 ou le confort!<\/p>\n<p>&nbsp;<\/p>\n<ul>\n<li>230L de chargement lorsque pleinement ouvert.<\/li>\n<li>Porte arri\u00e8re pour un acc\u00e8s facile par les passagers arri\u00e8re.<\/li>\n<li>Se referme pour obtenir une largeur de v\u00e9lo conventionnelle et passer facilement dans les cadre de porte.<\/li>\n<\/ul>","protected":false},"excerpt":{"rendered":"<p>Syst\u00e8me de chargement arri\u00e8re et r\u00e9tractable Albatros en instance de brevet, transportez facilement les passagers et les courses, sans compromettre la capacit\u00e9 ou le confort!<\/p>\n<p>&nbsp;<\/p>","protected":false},"featured_media":1240,"template":"","meta":{"_acf_changed":false,"_seopress_robots_primary_cat":"none","_seopress_titles_title":"Panier r\u00e9tractable Albatros - 230L","_seopress_titles_desc":"Syst\u00e8me de chargement arri\u00e8re et r\u00e9tractable Albatros en instance de brevet, transportez facilement les passagers et les courses, sans compromettre la capacit\u00e9 ou le confort!","_seopress_robots_index":""},"product_brand":[],"product_cat":[24,18],"product_tag":[25],"class_list":{"0":"post-1326","1":"product","2":"type-product","3":"status-publish","4":"has-post-thumbnail","6":"product_cat-accessoires","7":"product_cat-produits","8":"product_tag-accessoire","10":"first","11":"instock","12":"taxable","13":"shipping-taxable","14":"purchasable","15":"product-type-simple"},"acf":[],"_links":{"self":[{"href":"https:\/\/cargone.ca\/en\/wp-json\/wp\/v2\/product\/1326","targetHints":{"allow":["GET"]}}],"collection":[{"href":"https:\/\/cargone.ca\/en\/wp-json\/wp\/v2\/product"}],"about":[{"href":"https:\/\/cargone.ca\/en\/wp-json\/wp\/v2\/types\/product"}],"wp:featuredmedia":[{"embeddable":true,"href":"https:\/\/cargone.ca\/en\/wp-json\/wp\/v2\/media\/1240"}],"wp:attachment":[{"href":"https:\/\/cargone.ca\/en\/wp-json\/wp\/v2\/media?parent=1326"}],"wp:term":[{"taxonomy":"product_brand","embeddable":true,"href":"https:\/\/cargone.ca\/en\/wp-json\/wp\/v2\/product_brand?post=1326"},{"taxonomy":"product_cat","embeddable":true,"href":"https:\/\/cargone.ca\/en\/wp-json\/wp\/v2\/product_cat?post=1326"},{"taxonomy":"product_tag","embeddable":true,"href":"https:\/\/cargone.ca\/en\/wp-json\/wp\/v2\/product_tag?post=1326"}],"curies":[{"name":"wp","href":"https:\/\/api.w.org\/{rel}","templated":true}]}}