{"id":1081,"date":"2025-01-24T13:50:20","date_gmt":"2025-01-24T13:50:20","guid":{"rendered":"https:\/\/cargone.ca\/?post_type=product&#038;p=1081"},"modified":"2026-03-27T21:20:53","modified_gmt":"2026-03-27T21:20:53","slug":"batterie-bosch-powertube-625-us-e-bike-625wh-verticale-etats-unis-canada-0275-007-546","status":"publish","type":"product","link":"https:\/\/cargone.ca\/en\/product\/bosch-powertube-625-us-e-bike-625wh-vertical-battery-us-canada-0275-007-546\/","title":{"rendered":"Bosch Powertube 625 US E-Bike 625Wh Vertical Battery \u2013 US-Canada \u2013 0275.007.546"},"content":{"rendered":"<ul class=\"list-unstyled\">\n<li>Bosch Power Tube batteries are integrated into the bike frame protecting them from the elements and concealing them from view.<\/li>\n<li>They are available with the plug positioned for vertical or horizontal installation within the downtube.<\/li>\n<li><b>*******************THIS LISTING IS FOR THE VERTICAL VERSION.  Brand new and genuine.********************<\/b>\n<ul class=\"bullet-points bullet-points-collapsed\">\n<li class=\"model-bullet\">Vertical and horizontal mount batteries are not interchangeable. Purchase the battery matching the bike\u2019s battery plug orientation.<\/li>\n<li class=\"product-bullet\">Powertube 625 batteries are larger than the 400 and 500 batteries and are compatible only with frames designed for the 625.<\/li>\n<\/ul>\n<\/li>\n<li><span title=\"E2166\">Model:<\/span>\u00a0<a>PowerTube Battery<\/a><\/li>\n<li>Brand:\u00a0<a>Bosch<\/a><\/li>\n<li>Manufacturer Part Number: 0275.007.546<\/li>\n<\/ul>","protected":false},"excerpt":{"rendered":"<ul class=\"list-unstyled\">\n<li>Bosch Power Tube batteries are integrated into the bike frame protecting them from the elements and concealing them from view.<\/li>\n<li>They are available with the plug positioned for vertical or horizontal installation within the downtube.<\/li>\n<li><b>*******************THIS LISTING IS FOR THE VERTICAL VERSION.  Brand new and genuine.********************<\/b>\n<ul class=\"bullet-points bullet-points-collapsed\">\n<li class=\"model-bullet\">Vertical and horizontal mount batteries are not interchangeable. Purchase the battery matching the bike\u2019s battery plug orientation.<\/li>\n<li class=\"product-bullet\">Powertube 625 batteries are larger than the 400 and 500 batteries and are compatible only with frames designed for the 625.<\/li>\n<\/ul>\n<\/li>\n<li><span title=\"E2166\">Model:<\/span>\u00a0<a>PowerTube Battery<\/a><\/li>\n<li>Brand:\u00a0<a>Bosch<\/a><\/li>\n<li>Manufacturer Part Number: 0275.007.546<\/li>\n<\/ul>","protected":false},"featured_media":1084,"template":"","meta":{"_acf_changed":false,"_seopress_robots_primary_cat":"none","_seopress_titles_title":"%%post_title%% %%sep%% %%sitetitle%%","_seopress_titles_desc":"Optez pour la batterie Bosch PowerTube 625 verticale int\u00e9gr\u00e9e, id\u00e9ale pour les cadres con\u00e7us, offrant protection et discr\u00e9tion avec installation facile.","_seopress_robots_index":""},"product_brand":[],"product_cat":[24,18],"product_tag":[],"class_list":{"0":"post-1081","1":"product","2":"type-product","3":"status-publish","4":"has-post-thumbnail","6":"product_cat-accessoires","7":"product_cat-produits","9":"first","10":"instock","11":"sale","12":"taxable","13":"shipping-taxable","14":"purchasable","15":"product-type-simple"},"acf":[],"_links":{"self":[{"href":"https:\/\/cargone.ca\/en\/wp-json\/wp\/v2\/product\/1081","targetHints":{"allow":["GET"]}}],"collection":[{"href":"https:\/\/cargone.ca\/en\/wp-json\/wp\/v2\/product"}],"about":[{"href":"https:\/\/cargone.ca\/en\/wp-json\/wp\/v2\/types\/product"}],"wp:featuredmedia":[{"embeddable":true,"href":"https:\/\/cargone.ca\/en\/wp-json\/wp\/v2\/media\/1084"}],"wp:attachment":[{"href":"https:\/\/cargone.ca\/en\/wp-json\/wp\/v2\/media?parent=1081"}],"wp:term":[{"taxonomy":"product_brand","embeddable":true,"href":"https:\/\/cargone.ca\/en\/wp-json\/wp\/v2\/product_brand?post=1081"},{"taxonomy":"product_cat","embeddable":true,"href":"https:\/\/cargone.ca\/en\/wp-json\/wp\/v2\/product_cat?post=1081"},{"taxonomy":"product_tag","embeddable":true,"href":"https:\/\/cargone.ca\/en\/wp-json\/wp\/v2\/product_tag?post=1081"}],"curies":[{"name":"wp","href":"https:\/\/api.w.org\/{rel}","templated":true}]}}