{"id":1077,"date":"2025-01-24T13:41:58","date_gmt":"2025-01-24T13:41:58","guid":{"rendered":"https:\/\/cargone.ca\/?post_type=product&#038;p=1077"},"modified":"2026-03-27T21:17:51","modified_gmt":"2026-03-27T21:17:51","slug":"batterie-pour-velo-electrique-bosch-powerpack-rack-500-wh-etats-unis-et-canada-0275-007-536","status":"publish","type":"product","link":"https:\/\/cargone.ca\/en\/product\/bosch-powerpack-rack-500wh-e-bike-battery-us-canada-0275-007-536\/","title":{"rendered":"Bosch Powerpack RACK 500Wh e-bike Battery \u2013 US-Canada \u2013 0275.007.536"},"content":{"rendered":"<h2>Bosch PowerPack RACK 500 Battery<\/h2>\n<p>The rear rack mounted Bosch PowerPack 500 battery is dimensionally the same size as and only slightly heavier than the PowerPack 400 but offers an extended range between recharges.<\/p>\n<ul class=\"list-unstyled\">\n<li>For Bosch powered eBikes equipped with the Active, Performance and Performance CX drive units.<\/li>\n<li><b>*******************Brand new and genuine.********************<\/b><\/li>\n<li>Brand:\u00a0<a>Bosch<\/a><\/li>\n<li>Manufacturer Part Number: 0275.007.536<\/li>\n<li>36 V, 500 Wh<\/li>\n<li>Li-ion<\/li>\n<\/ul>","protected":false},"excerpt":{"rendered":"<p>Bosch PowerPack RACK 500 Battery<\/p>\n<p>The rear rack mounted Bosch PowerPack 500 battery is dimensionally the same size as and only slightly heavier than the PowerPack 400 but offers an extended range between recharges.<\/p>\n<p>For Bosch powered eBikes equipped with the Active, Performance and Performance CX drive units.<\/p>\n<p>*******************Brand new and genuine.********************<\/p>\n<p class=\"translation-block\">Brand: Bosch<br>\nManufacturer Part Number: 0275.007.536<br>\n36V, 500Wh<br>\nLi-Ion<\/p>","protected":false},"featured_media":1080,"template":"","meta":{"_acf_changed":false,"_seopress_robots_primary_cat":"none","_seopress_titles_title":"%%post_title%% %%sep%% %%sitetitle%%","_seopress_titles_desc":"Profitez d'une autonomie prolong\u00e9e avec la batterie Bosch PowerPack 500, id\u00e9ale pour v\u00e9los \u00e9lectriques avec unit\u00e9s Active et Performance.","_seopress_robots_index":""},"product_brand":[],"product_cat":[24,18],"product_tag":[],"class_list":{"0":"post-1077","1":"product","2":"type-product","3":"status-publish","4":"has-post-thumbnail","6":"product_cat-accessoires","7":"product_cat-produits","9":"first","10":"instock","11":"taxable","12":"shipping-taxable","13":"purchasable","14":"product-type-simple"},"acf":[],"_links":{"self":[{"href":"https:\/\/cargone.ca\/en\/wp-json\/wp\/v2\/product\/1077","targetHints":{"allow":["GET"]}}],"collection":[{"href":"https:\/\/cargone.ca\/en\/wp-json\/wp\/v2\/product"}],"about":[{"href":"https:\/\/cargone.ca\/en\/wp-json\/wp\/v2\/types\/product"}],"wp:featuredmedia":[{"embeddable":true,"href":"https:\/\/cargone.ca\/en\/wp-json\/wp\/v2\/media\/1080"}],"wp:attachment":[{"href":"https:\/\/cargone.ca\/en\/wp-json\/wp\/v2\/media?parent=1077"}],"wp:term":[{"taxonomy":"product_brand","embeddable":true,"href":"https:\/\/cargone.ca\/en\/wp-json\/wp\/v2\/product_brand?post=1077"},{"taxonomy":"product_cat","embeddable":true,"href":"https:\/\/cargone.ca\/en\/wp-json\/wp\/v2\/product_cat?post=1077"},{"taxonomy":"product_tag","embeddable":true,"href":"https:\/\/cargone.ca\/en\/wp-json\/wp\/v2\/product_tag?post=1077"}],"curies":[{"name":"wp","href":"https:\/\/api.w.org\/{rel}","templated":true}]}}