{"id":30,"date":"2024-11-11T16:59:18","date_gmt":"2024-11-11T16:59:18","guid":{"rendered":"https:\/\/cargone.ca\/?page_id=30"},"modified":"2025-01-30T18:54:11","modified_gmt":"2025-01-30T18:54:11","slug":"faq","status":"publish","type":"page","link":"https:\/\/cargone.ca\/en\/faq\/","title":{"rendered":"Foire aux questions"},"content":{"rendered":"<div data-elementor-type=\"wp-page\" data-elementor-id=\"30\" class=\"elementor elementor-30\" data-elementor-post-type=\"page\">\n\t\t\t\t<div class=\"elementor-element elementor-element-78fbb52 e-flex e-con-boxed e-con e-parent\" data-id=\"78fbb52\" data-element_type=\"container\" data-settings=\"{&quot;background_background&quot;:&quot;classic&quot;}\">\n\t\t\t\t\t<div class=\"e-con-inner\">\n\t\t\t\t<div class=\"elementor-element elementor-element-00a7fa9 elementor-widget elementor-widget-heading\" data-id=\"00a7fa9\" data-element_type=\"widget\" data-widget_type=\"heading.default\">\n\t\t\t\t<div class=\"elementor-widget-container\">\n\t\t\t\t\t<h1 class=\"elementor-heading-title elementor-size-default\">FAQs<\/h1>\t\t\t\t<\/div>\n\t\t\t\t<\/div>\n\t\t\t\t<div class=\"elementor-element elementor-element-37d8069 elementor-widget__width-initial elementor-widget elementor-widget-text-editor\" data-id=\"37d8069\" data-element_type=\"widget\" data-widget_type=\"text-editor.default\">\n\t\t\t\t<div class=\"elementor-widget-container\">\n\t\t\t\t\t\t\t\t\t<p>Take advantage of free delivery in Canada or pick up your Cargone in Laval for a personalized briefing. Order directly on our website for a 100% Quebec cargo bike, with test rides by appointment.<\/p>\t\t\t\t\t\t\t\t<\/div>\n\t\t\t\t<\/div>\n\t\t\t\t\t<\/div>\n\t\t\t\t<\/div>\n\t\t<div class=\"elementor-element elementor-element-81f9641 e-flex e-con-boxed e-con e-parent\" data-id=\"81f9641\" data-element_type=\"container\" data-settings=\"{&quot;background_background&quot;:&quot;classic&quot;}\">\n\t\t\t\t\t<div class=\"e-con-inner\">\n\t\t\t\t<div class=\"elementor-element elementor-element-11cad1c elementor-widget elementor-widget-n-accordion\" data-id=\"11cad1c\" data-element_type=\"widget\" data-settings=\"{&quot;default_state&quot;:&quot;all_collapsed&quot;,&quot;max_items_expended&quot;:&quot;one&quot;,&quot;n_accordion_animation_duration&quot;:{&quot;unit&quot;:&quot;ms&quot;,&quot;size&quot;:400,&quot;sizes&quot;:[]}}\" data-widget_type=\"nested-accordion.default\">\n\t\t\t\t<div class=\"elementor-widget-container\">\n\t\t\t\t\t\t\t<div class=\"e-n-accordion\" aria-label=\"Accordion. Open links with Enter or Space, close with Escape, and navigate with Arrow Keys\">\n\t\t\t\t\t\t<details id=\"e-n-accordion-item-1860\" class=\"e-n-accordion-item\" >\n\t\t\t\t<summary class=\"e-n-accordion-item-title\" data-accordion-index=\"1\" tabindex=\"0\" aria-expanded=\"false\" aria-controls=\"e-n-accordion-item-1860\" >\n\t\t\t\t\t<span class='e-n-accordion-item-title-header'><div class=\"e-n-accordion-item-title-text\"> Is the Cargone sold exclusively on your website? <\/div><\/span>\n\t\t\t\t\t\t\t<span class='e-n-accordion-item-title-icon'>\n\t\t\t<span class='e-opened' ><svg aria-hidden=\"true\" class=\"e-font-icon-svg e-fas-chevron-up\" viewbox=\"0 0 448 512\" xmlns=\"http:\/\/www.w3.org\/2000\/svg\"><path d=\"M240.971 130.524l194.343 194.343c9.373 9.373 9.373 24.569 0 33.941l-22.667 22.667c-9.357 9.357-24.522 9.375-33.901.04L224 227.495 69.255 381.516c-9.379 9.335-24.544 9.317-33.901-.04l-22.667-22.667c-9.373-9.373-9.373-24.569 0-33.941L207.03 130.525c9.372-9.373 24.568-9.373 33.941-.001z\"><\/path><\/svg><\/span>\n\t\t\t<span class='e-closed'><svg aria-hidden=\"true\" class=\"e-font-icon-svg e-fas-chevron-down\" viewbox=\"0 0 448 512\" xmlns=\"http:\/\/www.w3.org\/2000\/svg\"><path d=\"M207.029 381.476L12.686 187.132c-9.373-9.373-9.373-24.569 0-33.941l22.667-22.667c9.357-9.357 24.522-9.375 33.901-.04L224 284.505l154.745-154.021c9.379-9.335 24.544-9.317 33.901.04l22.667 22.667c9.373 9.373 9.373 24.569 0 33.941L240.971 381.476c-9.373 9.372-24.569 9.372-33.942 0z\"><\/path><\/svg><\/span>\n\t\t<\/span>\n\n\t\t\t\t\t\t<\/summary>\n\t\t\t\t<div role=\"region\" aria-labelledby=\"e-n-accordion-item-1860\" class=\"elementor-element elementor-element-18aa0e7 e-con-full e-flex e-con e-child\" data-id=\"18aa0e7\" data-element_type=\"container\">\n\t\t\t\t<div class=\"elementor-element elementor-element-53c5e8f elementor-widget elementor-widget-text-editor\" data-id=\"53c5e8f\" data-element_type=\"widget\" data-widget_type=\"text-editor.default\">\n\t\t\t\t<div class=\"elementor-widget-container\">\n\t\t\t\t\t\t\t\t\t<p>Mainly, yes. This allows us to offer a product made entirely in Quebec at a price equivalent to that of our competitors who manufacture in Asia.<\/p><p>It\u2019s also possible to try it out, by appointment, at our headquarters in Laval, Quebec.<\/p><p>We\u2019re also in discussion with a number of local bike dealerships specializing in cargo bikes that could offer a complete super-ambassador experience.<\/p>\t\t\t\t\t\t\t\t<\/div>\n\t\t\t\t<\/div>\n\t\t\t\t<div class=\"elementor-element elementor-element-f26c92e elementor-widget elementor-widget-button\" data-id=\"f26c92e\" data-element_type=\"widget\" data-widget_type=\"button.default\">\n\t\t\t\t<div class=\"elementor-widget-container\">\n\t\t\t\t\t\t\t\t\t<div class=\"elementor-button-wrapper\">\n\t\t\t\t\t<a class=\"elementor-button elementor-button-link elementor-size-sm\" href=\"https:\/\/cargone.ca\/en\/shop\/\">\n\t\t\t\t\t\t<span class=\"elementor-button-content-wrapper\">\n\t\t\t\t\t\t\t\t\t<span class=\"elementor-button-text\">Visit our Shop<\/span>\n\t\t\t\t\t<\/span>\n\t\t\t\t\t<\/a>\n\t\t\t\t<\/div>\n\t\t\t\t\t\t\t\t<\/div>\n\t\t\t\t<\/div>\n\t\t\t\t<\/div>\n\t\t\t\t\t<\/details>\n\t\t\t\t\t\t<details id=\"e-n-accordion-item-1861\" class=\"e-n-accordion-item\" >\n\t\t\t\t<summary class=\"e-n-accordion-item-title\" data-accordion-index=\"2\" tabindex=\"-1\" aria-expanded=\"false\" aria-controls=\"e-n-accordion-item-1861\" >\n\t\t\t\t\t<span class='e-n-accordion-item-title-header'><div class=\"e-n-accordion-item-title-text\"> Which countries can you deliver to? <\/div><\/span>\n\t\t\t\t\t\t\t<span class='e-n-accordion-item-title-icon'>\n\t\t\t<span class='e-opened' ><svg aria-hidden=\"true\" class=\"e-font-icon-svg e-fas-chevron-up\" viewbox=\"0 0 448 512\" xmlns=\"http:\/\/www.w3.org\/2000\/svg\"><path d=\"M240.971 130.524l194.343 194.343c9.373 9.373 9.373 24.569 0 33.941l-22.667 22.667c-9.357 9.357-24.522 9.375-33.901.04L224 227.495 69.255 381.516c-9.379 9.335-24.544 9.317-33.901-.04l-22.667-22.667c-9.373-9.373-9.373-24.569 0-33.941L207.03 130.525c9.372-9.373 24.568-9.373 33.941-.001z\"><\/path><\/svg><\/span>\n\t\t\t<span class='e-closed'><svg aria-hidden=\"true\" class=\"e-font-icon-svg e-fas-chevron-down\" viewbox=\"0 0 448 512\" xmlns=\"http:\/\/www.w3.org\/2000\/svg\"><path d=\"M207.029 381.476L12.686 187.132c-9.373-9.373-9.373-24.569 0-33.941l22.667-22.667c9.357-9.357 24.522-9.375 33.901-.04L224 284.505l154.745-154.021c9.379-9.335 24.544-9.317 33.901.04l22.667 22.667c9.373 9.373 9.373 24.569 0 33.941L240.971 381.476c-9.373 9.372-24.569 9.372-33.942 0z\"><\/path><\/svg><\/span>\n\t\t<\/span>\n\n\t\t\t\t\t\t<\/summary>\n\t\t\t\t<div role=\"region\" aria-labelledby=\"e-n-accordion-item-1861\" class=\"elementor-element elementor-element-fceb73c e-con-full e-flex e-con e-child\" data-id=\"fceb73c\" data-element_type=\"container\">\n\t\t\t\t<div class=\"elementor-element elementor-element-38811cc elementor-view-default elementor-widget elementor-widget-icon\" data-id=\"38811cc\" data-element_type=\"widget\" data-widget_type=\"icon.default\">\n\t\t\t\t<div class=\"elementor-widget-container\">\n\t\t\t\t\t\t\t<div class=\"elementor-icon-wrapper\">\n\t\t\t<div class=\"elementor-icon\">\n\t\t\t<svg aria-hidden=\"true\" class=\"e-font-icon-svg e-fab-canadian-maple-leaf\" viewbox=\"0 0 512 512\" xmlns=\"http:\/\/www.w3.org\/2000\/svg\"><path d=\"M383.8 351.7c2.5-2.5 105.2-92.4 105.2-92.4l-17.5-7.5c-10-4.9-7.4-11.5-5-17.4 2.4-7.6 20.1-67.3 20.1-67.3s-47.7 10-57.7 12.5c-7.5 2.4-10-2.5-12.5-7.5s-15-32.4-15-32.4-52.6 59.9-55.1 62.3c-10 7.5-20.1 0-17.6-10 0-10 27.6-129.6 27.6-129.6s-30.1 17.4-40.1 22.4c-7.5 5-12.6 5-17.6-5C293.5 72.3 255.9 0 255.9 0s-37.5 72.3-42.5 79.8c-5 10-10 10-17.6 5-10-5-40.1-22.4-40.1-22.4S183.3 182 183.3 192c2.5 10-7.5 17.5-17.6 10-2.5-2.5-55.1-62.3-55.1-62.3S98.1 167 95.6 172s-5 9.9-12.5 7.5C73 177 25.4 167 25.4 167s17.6 59.7 20.1 67.3c2.4 6 5 12.5-5 17.4L23 259.3s102.6 89.9 105.2 92.4c5.1 5 10 7.5 5.1 22.5-5.1 15-10.1 35.1-10.1 35.1s95.2-20.1 105.3-22.6c8.7-.9 18.3 2.5 18.3 12.5S241 512 241 512h30s-5.8-102.7-5.8-112.8 9.5-13.4 18.4-12.5c10 2.5 105.2 22.6 105.2 22.6s-5-20.1-10-35.1 0-17.5 5-22.5z\"><\/path><\/svg>\t\t\t<\/div>\n\t\t<\/div>\n\t\t\t\t\t\t<\/div>\n\t\t\t\t<\/div>\n\t\t\t\t<div class=\"elementor-element elementor-element-c8d1573 elementor-widget elementor-widget-text-editor\" data-id=\"c8d1573\" data-element_type=\"widget\" data-widget_type=\"text-editor.default\">\n\t\t\t\t<div class=\"elementor-widget-container\">\n\t\t\t\t\t\t\t\t\t<p>Cargone is currently available for delivery in Canada only.<\/p><p>Cargone has developed a superior cargo bike for international distribution. We will gradually add more countries as we are assured of meeting local regulations.<\/p>\t\t\t\t\t\t\t\t<\/div>\n\t\t\t\t<\/div>\n\t\t\t\t<div class=\"elementor-element elementor-element-c0af291 elementor-widget elementor-widget-button\" data-id=\"c0af291\" data-element_type=\"widget\" data-widget_type=\"button.default\">\n\t\t\t\t<div class=\"elementor-widget-container\">\n\t\t\t\t\t\t\t\t\t<div class=\"elementor-button-wrapper\">\n\t\t\t\t\t<a class=\"elementor-button elementor-button-link elementor-size-sm\" href=\"https:\/\/cargone.ca\/en\/shop\/\">\n\t\t\t\t\t\t<span class=\"elementor-button-content-wrapper\">\n\t\t\t\t\t\t\t\t\t<span class=\"elementor-button-text\">Visit our Shop<\/span>\n\t\t\t\t\t<\/span>\n\t\t\t\t\t<\/a>\n\t\t\t\t<\/div>\n\t\t\t\t\t\t\t\t<\/div>\n\t\t\t\t<\/div>\n\t\t\t\t<\/div>\n\t\t\t\t\t<\/details>\n\t\t\t\t\t\t<details id=\"e-n-accordion-item-1862\" class=\"e-n-accordion-item\" >\n\t\t\t\t<summary class=\"e-n-accordion-item-title\" data-accordion-index=\"3\" tabindex=\"-1\" aria-expanded=\"false\" aria-controls=\"e-n-accordion-item-1862\" >\n\t\t\t\t\t<span class='e-n-accordion-item-title-header'><div class=\"e-n-accordion-item-title-text\"> What are the shipping and delivery options and details? <\/div><\/span>\n\t\t\t\t\t\t\t<span class='e-n-accordion-item-title-icon'>\n\t\t\t<span class='e-opened' ><svg aria-hidden=\"true\" class=\"e-font-icon-svg e-fas-chevron-up\" viewbox=\"0 0 448 512\" xmlns=\"http:\/\/www.w3.org\/2000\/svg\"><path d=\"M240.971 130.524l194.343 194.343c9.373 9.373 9.373 24.569 0 33.941l-22.667 22.667c-9.357 9.357-24.522 9.375-33.901.04L224 227.495 69.255 381.516c-9.379 9.335-24.544 9.317-33.901-.04l-22.667-22.667c-9.373-9.373-9.373-24.569 0-33.941L207.03 130.525c9.372-9.373 24.568-9.373 33.941-.001z\"><\/path><\/svg><\/span>\n\t\t\t<span class='e-closed'><svg aria-hidden=\"true\" class=\"e-font-icon-svg e-fas-chevron-down\" viewbox=\"0 0 448 512\" xmlns=\"http:\/\/www.w3.org\/2000\/svg\"><path d=\"M207.029 381.476L12.686 187.132c-9.373-9.373-9.373-24.569 0-33.941l22.667-22.667c9.357-9.357 24.522-9.375 33.901-.04L224 284.505l154.745-154.021c9.379-9.335 24.544-9.317 33.901.04l22.667 22.667c9.373 9.373 9.373 24.569 0 33.941L240.971 381.476c-9.373 9.372-24.569 9.372-33.942 0z\"><\/path><\/svg><\/span>\n\t\t<\/span>\n\n\t\t\t\t\t\t<\/summary>\n\t\t\t\t<div role=\"region\" aria-labelledby=\"e-n-accordion-item-1862\" class=\"elementor-element elementor-element-c6a0b73 e-con-full e-flex e-con e-child\" data-id=\"c6a0b73\" data-element_type=\"container\">\n\t\t\t\t<div class=\"elementor-element elementor-element-1463bf3 elementor-widget elementor-widget-text-editor\" data-id=\"1463bf3\" data-element_type=\"widget\" data-widget_type=\"text-editor.default\">\n\t\t\t\t<div class=\"elementor-widget-container\">\n\t\t\t\t\t\t\t\t\t<p>Delivery for iterms over $200 CAD is free in Canada. Accessories purchased separately from a bike and replacement parts not covered under warranty will be charged a shipping fee of $10 CAD for orders under $150 CAD.<\/p><p>In Canada in-stock items will typically ship within four business days unless otherwise specified.<\/p><p>Delivery times will vary depending on where you live. Once your order is sorted and scanned through the first FedEx station, your tracking information will be populated with a delivery date estimate.<\/p><p>Our bikes are carefully packaged with ease-of-transport and protection in mind. Shipping is offered through FedEx, UPS or Purolator Ground for ebikes, and we may use UPS for accessories. Once your item ships, you will be emailed a tracking number so you can track your package.<\/p><p class=\"translation-block\">If your bike was shipped by FedEx and you have received a tracking number via email, you can arrange any special requests or delivery instructions after FedEx has completed their initial scan (dependent on FedEx timeline)  <a href=\"https:\/\/www.fedex.com\/en-ca\/contact-us.html\" target=\"_blank\" rel=\"noopener\">by contacting FedEx<\/a> or by using the <a href=\"https:\/\/www.fedex.com\/en-ca\/delivery-manager.html\" target=\"_blank\" rel=\"noopener\">FedEx Delivery Manager<\/a>. If FedEx has not completed their initial scan and you contact them, they may not acknowledge the package has shipped yet (even though it has). Please note that FedEx will make their best effort to honor your request, but they do not guarantee special delivery requests.<\/p><p>When your bike ships, you will receive an automated email with your tracking information. Click the link below that matches the shipping company listed in your tracking number email.<\/p><ul><li><a href=\"https:\/\/www.fedex.com\/en-ca\/tracking.html\" target=\"_blank\" rel=\"noopener\">FedEx tracking<\/a><\/li><li><a href=\"https:\/\/www.purolator.com\/en\/shipping\/tracker\" target=\"_blank\" rel=\"noopener\">Purolator tracking (for select Canadian warranty orders)<\/a> (pour certaines commandes sous garantie au Canada)<\/li><li>UPS tracking<\/li><\/ul><ul><li>* Lithium-ion batteries take longer to ship because they must go through a regulatory certification and approval process. For details, see Why does shipping a battery take so long. <a href=\"https:\/\/support.radpowerbikes.com\/Orders_shipping_and_returns\/Shipping_and_order_information\/Why_does_shipping_a_battery_take_so_long\" target=\"_blank\" rel=\"noopener\">Why does shipping a battery take so long.<\/a><\/li><\/ul>\t\t\t\t\t\t\t\t<\/div>\n\t\t\t\t<\/div>\n\t\t\t\t<div class=\"elementor-element elementor-element-0e920ea elementor-widget elementor-widget-heading\" data-id=\"0e920ea\" data-element_type=\"widget\" data-widget_type=\"heading.default\">\n\t\t\t\t<div class=\"elementor-widget-container\">\n\t\t\t\t\t<h3 class=\"elementor-heading-title elementor-size-default\">Our location<\/h3>\t\t\t\t<\/div>\n\t\t\t\t<\/div>\n\t\t\t\t<div class=\"elementor-element elementor-element-4c3804b elementor-widget__width-initial elementor-widget elementor-widget-google_maps\" data-id=\"4c3804b\" data-element_type=\"widget\" data-widget_type=\"google_maps.default\">\n\t\t\t\t<div class=\"elementor-widget-container\">\n\t\t\t\t\t\t\t<div class=\"elementor-custom-embed\">\n\t\t\t<iframe loading=\"lazy\"\n\t\t\t\t\tsrc=\"https:\/\/maps.google.com\/maps?q=1974%20Rue%20Notre-Dame-de-Fatima%2C%20Laval%2C%20Qc%2C%20Canada%2C%20H7G%204X8&#038;t=m&#038;z=12&#038;output=embed&#038;iwloc=near\"\n\t\t\t\t\ttitle=\"1974 Notre-Dame-de-Fatima Street, Laval, Qc, Canada, H7G 4X8\"\n\t\t\t\t\taria-label=\"1974 Notre-Dame-de-Fatima Street, Laval, Qc, Canada, H7G 4X8\"\n\t\t\t><\/iframe>\n\t\t<\/div>\n\t\t\t\t\t\t<\/div>\n\t\t\t\t<\/div>\n\t\t\t\t<div class=\"elementor-element elementor-element-82f8f4d elementor-widget elementor-widget-button\" data-id=\"82f8f4d\" data-element_type=\"widget\" data-widget_type=\"button.default\">\n\t\t\t\t<div class=\"elementor-widget-container\">\n\t\t\t\t\t\t\t\t\t<div class=\"elementor-button-wrapper\">\n\t\t\t\t\t<a class=\"elementor-button elementor-button-link elementor-size-sm\" href=\"https:\/\/maps.app.goo.gl\/vyg4rgKfzRdM6TUB9\" target=\"_blank\">\n\t\t\t\t\t\t<span class=\"elementor-button-content-wrapper\">\n\t\t\t\t\t\t\t\t\t<span class=\"elementor-button-text\">Visit the itinerary<\/span>\n\t\t\t\t\t<\/span>\n\t\t\t\t\t<\/a>\n\t\t\t\t<\/div>\n\t\t\t\t\t\t\t\t<\/div>\n\t\t\t\t<\/div>\n\t\t\t\t<\/div>\n\t\t\t\t\t<\/details>\n\t\t\t\t\t<\/div>\n\t\t\t\t\t\t<\/div>\n\t\t\t\t<\/div>\n\t\t\t\t\t<\/div>\n\t\t\t\t<\/div>\n\t\t<div class=\"elementor-element elementor-element-5a9d505 e-flex e-con-boxed e-con e-parent\" data-id=\"5a9d505\" data-element_type=\"container\">\n\t\t\t\t\t<div class=\"e-con-inner\">\n\t\t\t\t<div class=\"elementor-element elementor-element-cc70dc5 elementor-widget elementor-widget-template\" data-id=\"cc70dc5\" data-element_type=\"widget\" data-widget_type=\"template.default\">\n\t\t\t\t<div class=\"elementor-widget-container\">\n\t\t\t\t\t\t\t<div class=\"elementor-template\">\n\t\t\t\t\t<div data-elementor-type=\"container\" data-elementor-id=\"833\" class=\"elementor elementor-833\" data-elementor-post-type=\"elementor_library\">\n\t\t\t\t<div class=\"elementor-element elementor-element-011308f e-flex e-con-boxed e-con e-parent\" data-id=\"011308f\" data-element_type=\"container\" data-settings=\"{&quot;background_background&quot;:&quot;classic&quot;}\">\n\t\t\t\t\t<div class=\"e-con-inner\">\n\t\t<div class=\"elementor-element elementor-element-1aa8237 e-con-full e-flex e-con e-child\" data-id=\"1aa8237\" data-element_type=\"container\" data-settings=\"{&quot;background_background&quot;:&quot;classic&quot;}\">\n\t\t\t\t<div class=\"elementor-element elementor-element-c5a2cfb elementor-widget elementor-widget-heading\" data-id=\"c5a2cfb\" data-element_type=\"widget\" data-widget_type=\"heading.default\">\n\t\t\t\t<div class=\"elementor-widget-container\">\n\t\t\t\t\t<h2 class=\"elementor-heading-title elementor-size-default\">Book a free demo of our cargo bike<\/h2>\t\t\t\t<\/div>\n\t\t\t\t<\/div>\n\t\t\t\t<div class=\"elementor-element elementor-element-1d06ad8 elementor-widget__width-initial elementor-widget elementor-widget-text-editor\" data-id=\"1d06ad8\" data-element_type=\"widget\" data-widget_type=\"text-editor.default\">\n\t\t\t\t<div class=\"elementor-widget-container\">\n\t\t\t\t\t\t\t\t\t<p>Whether you're buying a cargo bike for the first time or looking for an upgrade, the best way to find out if the Cargone cargo bike is right for you is to try it out.<\/p><p>Testing the Cargone cargo bike is more than just a ride in a parking lot. It's an opportunity for you to find out if our bike is right for your riding needs.<\/p>\t\t\t\t\t\t\t\t<\/div>\n\t\t\t\t<\/div>\n\t\t\t\t<div class=\"elementor-element elementor-element-118f479 elementor-align-center elementor-widget elementor-widget-button\" data-id=\"118f479\" data-element_type=\"widget\" data-widget_type=\"button.default\">\n\t\t\t\t<div class=\"elementor-widget-container\">\n\t\t\t\t\t\t\t\t\t<div class=\"elementor-button-wrapper\">\n\t\t\t\t\t<a class=\"elementor-button elementor-button-link elementor-size-sm\" href=\"https:\/\/cargone.ca\/en\/contact\/#essai\">\n\t\t\t\t\t\t<span class=\"elementor-button-content-wrapper\">\n\t\t\t\t\t\t\t\t\t<span class=\"elementor-button-text\">Book a free demo<\/span>\n\t\t\t\t\t<\/span>\n\t\t\t\t\t<\/a>\n\t\t\t\t<\/div>\n\t\t\t\t\t\t\t\t<\/div>\n\t\t\t\t<\/div>\n\t\t\t\t<\/div>\n\t\t\t\t\t<\/div>\n\t\t\t\t<\/div>\n\t\t\t\t<\/div>\n\t\t\t\t<\/div>\n\t\t\t\t\t\t<\/div>\n\t\t\t\t<\/div>\n\t\t\t\t\t<\/div>\n\t\t\t\t<\/div>\n\t\t\t\t<\/div>","protected":false},"excerpt":{"rendered":"<p>FAQ Profitez de la livraison gratuite au Canada ou r\u00e9cup\u00e9rez votre Cargone \u00e0 Laval pour un briefing personnalis\u00e9. Commandez directement sur notre site pour un v\u00e9lo cargo 100% qu\u00e9b\u00e9cois, avec possibilit\u00e9 d&rsquo;essai sur rendez-vous. Le Cargone est-il vendu exclusivement sur votre site internet ? Principalement, oui. Ceci nous permet d\u2019offrir un produit enti\u00e8rement fabriqu\u00e9 au [&hellip;]<\/p>","protected":false},"author":1,"featured_media":0,"parent":0,"menu_order":0,"comment_status":"closed","ping_status":"closed","template":"","meta":{"_acf_changed":false,"_seopress_robots_primary_cat":"","_seopress_titles_title":"%%post_title%% %%sep%% %%sitetitle%%","_seopress_titles_desc":"Commandez votre v\u00e9lo cargo qu\u00e9b\u00e9cois sur notre site. Livraison gratuite au Canada et essais disponibles \u00e0 Laval. D\u00e9couvrez l'exp\u00e9rience Cargone!","_seopress_robots_index":"","footnotes":""},"class_list":["post-30","page","type-page","status-publish","hentry"],"acf":[],"_links":{"self":[{"href":"https:\/\/cargone.ca\/en\/wp-json\/wp\/v2\/pages\/30","targetHints":{"allow":["GET"]}}],"collection":[{"href":"https:\/\/cargone.ca\/en\/wp-json\/wp\/v2\/pages"}],"about":[{"href":"https:\/\/cargone.ca\/en\/wp-json\/wp\/v2\/types\/page"}],"author":[{"embeddable":true,"href":"https:\/\/cargone.ca\/en\/wp-json\/wp\/v2\/users\/1"}],"replies":[{"embeddable":true,"href":"https:\/\/cargone.ca\/en\/wp-json\/wp\/v2\/comments?post=30"}],"version-history":[{"count":59,"href":"https:\/\/cargone.ca\/en\/wp-json\/wp\/v2\/pages\/30\/revisions"}],"predecessor-version":[{"id":1197,"href":"https:\/\/cargone.ca\/en\/wp-json\/wp\/v2\/pages\/30\/revisions\/1197"}],"wp:attachment":[{"href":"https:\/\/cargone.ca\/en\/wp-json\/wp\/v2\/media?parent=30"}],"curies":[{"name":"wp","href":"https:\/\/api.w.org\/{rel}","templated":true}]}}