{"id":26,"date":"2024-11-11T16:58:54","date_gmt":"2024-11-11T16:58:54","guid":{"rendered":"https:\/\/cargone.ca\/?page_id=26"},"modified":"2025-01-30T19:01:38","modified_gmt":"2025-01-30T19:01:38","slug":"cargone-dans-lactualite","status":"publish","type":"page","link":"https:\/\/cargone.ca\/en\/cargone-in-the-news\/","title":{"rendered":"Cargone dans l&rsquo;actualit\u00e9"},"content":{"rendered":"<div data-elementor-type=\"wp-page\" data-elementor-id=\"26\" class=\"elementor elementor-26\" data-elementor-post-type=\"page\">\n\t\t\t\t<div class=\"elementor-element elementor-element-3510264 e-flex e-con-boxed e-con e-parent\" data-id=\"3510264\" data-element_type=\"container\" data-settings=\"{&quot;background_background&quot;:&quot;classic&quot;}\">\n\t\t\t\t\t<div class=\"e-con-inner\">\n\t\t\t\t<div class=\"elementor-element elementor-element-d058615 elementor-widget elementor-widget-heading\" data-id=\"d058615\" data-element_type=\"widget\" data-widget_type=\"heading.default\">\n\t\t\t\t<div class=\"elementor-widget-container\">\n\t\t\t\t\t<h1 class=\"elementor-heading-title elementor-size-default\"><b>Cargone<\/b> <br>in the news<\/h1>\t\t\t\t<\/div>\n\t\t\t\t<\/div>\n\t\t\t\t<div class=\"elementor-element elementor-element-910722d elementor-widget elementor-widget-image\" data-id=\"910722d\" data-element_type=\"widget\" data-settings=\"{&quot;motion_fx_motion_fx_scrolling&quot;:&quot;yes&quot;,&quot;motion_fx_devices&quot;:[&quot;desktop&quot;,&quot;laptop&quot;,&quot;tablet&quot;,&quot;mobile&quot;]}\" data-widget_type=\"image.default\">\n\t\t\t\t<div class=\"elementor-widget-container\">\n\t\t\t\t\t\t\t\t\t\t\t\t\t\t\t<img alt=\"\" fetchpriority=\"high\" decoding=\"async\" width=\"576\" height=\"433\" src=\"https:\/\/cargone.ca\/wp-content\/uploads\/2024\/11\/Cargone_Solution_DUO_Longtail-transparent.webp\" class=\"attachment-large size-large wp-image-271\" srcset=\"https:\/\/cargone.ca\/wp-content\/uploads\/2024\/11\/Cargone_Solution_DUO_Longtail-transparent.webp 576w, https:\/\/cargone.ca\/wp-content\/uploads\/2024\/11\/Cargone_Solution_DUO_Longtail-transparent-300x226.webp 300w\" sizes=\"(max-width: 576px) 100vw, 576px\" \/>\t\t\t\t\t\t\t\t\t\t\t\t\t\t\t<\/div>\n\t\t\t\t<\/div>\n\t\t<div class=\"elementor-element elementor-element-cb922cf e-con-full e-flex e-con e-child\" data-id=\"cb922cf\" data-element_type=\"container\">\n\t\t\t\t<div class=\"elementor-element elementor-element-ea09908 elementor-widget__width-initial elementor-position-top elementor-widget elementor-widget-image-box\" data-id=\"ea09908\" data-element_type=\"widget\" data-widget_type=\"image-box.default\">\n\t\t\t\t<div class=\"elementor-widget-container\">\n\t\t\t\t\t<div class=\"elementor-image-box-wrapper\"><figure class=\"elementor-image-box-img\"><a href=\"https:\/\/ccilaval.ca\/journalmag\/ipages\/flipbook\/mag-volume-12-numero-3\" target=\"_blank\" tabindex=\"-1\"><img alt=\"\" decoding=\"async\" width=\"225\" height=\"225\" src=\"https:\/\/cargone.ca\/wp-content\/uploads\/2024\/11\/CCIL.webp\" class=\"attachment-full size-full wp-image-235\" srcset=\"https:\/\/cargone.ca\/wp-content\/uploads\/2024\/11\/CCIL.webp 225w, https:\/\/cargone.ca\/wp-content\/uploads\/2024\/11\/CCIL-150x150.webp 150w, https:\/\/cargone.ca\/wp-content\/uploads\/2024\/11\/CCIL-100x100.webp 100w\" sizes=\"(max-width: 225px) 100vw, 225px\" \/><\/a><\/figure><div class=\"elementor-image-box-content\"><h3 class=\"elementor-image-box-title\"><a href=\"https:\/\/ccilaval.ca\/journalmag\/ipages\/flipbook\/mag-volume-12-numero-3\" target=\"_blank\">MAG magazine<\/a><\/h3><p class=\"elementor-image-box-description\">Chambre de commerce et d'industrie de Laval - Mag - March 2023, page 11<\/p><\/div><\/div>\t\t\t\t<\/div>\n\t\t\t\t<\/div>\n\t\t\t\t<div class=\"elementor-element elementor-element-b3475d3 elementor-widget__width-initial elementor-position-top elementor-widget elementor-widget-image-box\" data-id=\"b3475d3\" data-element_type=\"widget\" data-widget_type=\"image-box.default\">\n\t\t\t\t<div class=\"elementor-widget-container\">\n\t\t\t\t\t<div class=\"elementor-image-box-wrapper\"><figure class=\"elementor-image-box-img\"><a href=\"https:\/\/www.facebook.com\/watch\/?v=2114260432238979&#038;ref=sharing\" target=\"_blank\" tabindex=\"-1\"><img alt=\"\" decoding=\"async\" width=\"163\" height=\"163\" src=\"https:\/\/cargone.ca\/wp-content\/uploads\/2024\/11\/acet.webp\" class=\"attachment-full size-full wp-image-236\" srcset=\"https:\/\/cargone.ca\/wp-content\/uploads\/2024\/11\/acet.webp 163w, https:\/\/cargone.ca\/wp-content\/uploads\/2024\/11\/acet-150x150.webp 150w, https:\/\/cargone.ca\/wp-content\/uploads\/2024\/11\/acet-100x100.webp 100w\" sizes=\"(max-width: 163px) 100vw, 163px\" \/><\/a><\/figure><div class=\"elementor-image-box-content\"><h3 class=\"elementor-image-box-title\"><a href=\"https:\/\/www.facebook.com\/watch\/?v=2114260432238979&#038;ref=sharing\" target=\"_blank\">ACET<\/a><\/h3><p class=\"elementor-image-box-description\">\u201cWe're proud to help founder S\u00e9bastien Jutras increase the efficiency of urban mobility!\u201d<\/p><\/div><\/div>\t\t\t\t<\/div>\n\t\t\t\t<\/div>\n\t\t\t\t<div class=\"elementor-element elementor-element-9d22dc5 elementor-widget__width-initial elementor-position-top elementor-widget elementor-widget-image-box\" data-id=\"9d22dc5\" data-element_type=\"widget\" data-widget_type=\"image-box.default\">\n\t\t\t\t<div class=\"elementor-widget-container\">\n\t\t\t\t\t<div class=\"elementor-image-box-wrapper\"><figure class=\"elementor-image-box-img\"><a href=\"https:\/\/cqrda.ca\/al13\/entreprises-innovantes\/ca-roule-au-quebec\/\" target=\"_blank\" tabindex=\"-1\"><img alt=\"\" loading=\"lazy\" decoding=\"async\" width=\"204\" height=\"192\" src=\"https:\/\/cargone.ca\/wp-content\/uploads\/2024\/11\/cqrda.webp\" class=\"attachment-full size-full wp-image-237\" \/><\/a><\/figure><div class=\"elementor-image-box-content\"><h3 class=\"elementor-image-box-title\"><a href=\"https:\/\/cqrda.ca\/al13\/entreprises-innovantes\/ca-roule-au-quebec\/\" target=\"_blank\">CRQDA<\/a><\/h3><p class=\"elementor-image-box-description\">\u201cCargone is a perfect example of the revolution taking place not only in bicycle transportation, but in the very concept of active mobility.\u201d<\/p><\/div><\/div>\t\t\t\t<\/div>\n\t\t\t\t<\/div>\n\t\t\t\t<\/div>\n\t\t\t\t<div class=\"elementor-element elementor-element-5638246 elementor-hidden-mobile elementor-widget elementor-widget-video\" data-id=\"5638246\" data-element_type=\"widget\" data-settings=\"{&quot;video_type&quot;:&quot;hosted&quot;,&quot;autoplay&quot;:&quot;yes&quot;,&quot;controls&quot;:&quot;yes&quot;}\" data-widget_type=\"video.default\">\n\t\t\t\t<div class=\"elementor-widget-container\">\n\t\t\t\t\t\t\t<div class=\"e-hosted-video elementor-wrapper elementor-open-inline\">\n\t\t\t\t\t<video class=\"elementor-video\" src=\"https:\/\/cargone.ca\/wp-content\/uploads\/2024\/11\/Limpact-sur-le-monde-de-Cargone.mp4\" autoplay=\"\" controls=\"\" controlslist=\"nodownload\"><\/video>\n\t\t\t\t<\/div>\n\t\t\t\t\t\t<\/div>\n\t\t\t\t<\/div>\n\t\t\t\t<div class=\"elementor-element elementor-element-ee1dac4 elementor-hidden-desktop elementor-hidden-laptop elementor-hidden-tablet elementor-widget elementor-widget-video\" data-id=\"ee1dac4\" data-element_type=\"widget\" data-settings=\"{&quot;video_type&quot;:&quot;hosted&quot;,&quot;controls&quot;:&quot;yes&quot;}\" data-widget_type=\"video.default\">\n\t\t\t\t<div class=\"elementor-widget-container\">\n\t\t\t\t\t\t\t<div class=\"e-hosted-video elementor-wrapper elementor-open-inline\">\n\t\t\t\t\t<video class=\"elementor-video\" src=\"https:\/\/cargone.ca\/wp-content\/uploads\/2024\/11\/Limpact-sur-le-monde-de-Cargone.mp4\" controls=\"\" preload=\"metadata\" controlslist=\"nodownload\"><\/video>\n\t\t\t\t<\/div>\n\t\t\t\t\t\t<\/div>\n\t\t\t\t<\/div>\n\t\t\t\t<div class=\"elementor-element elementor-element-7a6c967 elementor-widget elementor-widget-heading\" data-id=\"7a6c967\" data-element_type=\"widget\" data-widget_type=\"heading.default\">\n\t\t\t\t<div class=\"elementor-widget-container\">\n\t\t\t\t\t<h2 class=\"elementor-heading-title elementor-size-default\">Video transcript<\/h2>\t\t\t\t<\/div>\n\t\t\t\t<\/div>\n\t\t\t\t<div class=\"elementor-element elementor-element-f7241c9 elementor-widget elementor-widget-text-editor\" data-id=\"f7241c9\" data-element_type=\"widget\" data-widget_type=\"text-editor.default\">\n\t\t\t\t<div class=\"elementor-widget-container\">\n\t\t\t\t\t\t\t\t\t<p class=\"translation-block\"><strong>Montrealers<\/strong> lose <strong>180 hours<\/strong> annually in <strong>traffic<\/strong>. <strong>52%<\/strong> of their trips are <strong>short trips<\/strong> with an average of <strong>1.2 passengers<\/strong> on board. <strong>Bicycles<\/strong> can replace a large part of these trips, but we appreciate the <strong>car<\/strong>. Being able to take an <strong>unexpected passenger<\/strong>, make a detour to the <strong>grocery store<\/strong>, to the <strong>park<\/strong>, with the <strong>kids<\/strong> and arrive fresh and ready at your <strong>destination<\/strong>. But why limit yourself to the <strong>advantages<\/strong> of the bike or the car when you can innovate and <strong>combine<\/strong> the two? That's why we created the <strong>electric cargo bike<\/strong>. It is <strong>optimized<\/strong> for <strong>transporting families<\/strong> and their <strong>shopping<\/strong>. Maximum capacity of <strong>200 kg<\/strong> or <strong>three passengers<\/strong>, range of <strong>150 kilometers<\/strong>. All this with a <strong>lithium battery<\/strong> 200 times smaller than that of an electric car. The <strong>cargo space<\/strong> is <strong>open<\/strong> and adapts in a few seconds to the <strong>needs<\/strong> of the moment. What we are offering is an <strong>alternative<\/strong> to the <strong>second car<\/strong> for families. A <strong>solution<\/strong> that allows them to <strong>save time<\/strong> by avoiding traffic. A solution that is <strong>fast<\/strong>, <strong>economical<\/strong> and <strong>sustainable<\/strong>. My name is <strong>S\u00e9bastien<\/strong> and I want to make <strong>urban mobility<\/strong> efficient.<\/p>\n\t\t\t\t\t\t\t\t<\/div>\n\t\t\t\t<\/div>\n\t\t\t\t<div class=\"elementor-element elementor-element-8b9f8b6 elementor-align-left elementor-widget elementor-widget-button\" data-id=\"8b9f8b6\" data-element_type=\"widget\" data-widget_type=\"button.default\">\n\t\t\t\t<div class=\"elementor-widget-container\">\n\t\t\t\t\t\t\t\t\t<div class=\"elementor-button-wrapper\">\n\t\t\t\t\t<a class=\"elementor-button elementor-button-link elementor-size-sm\" href=\"https:\/\/cargone.ca\/en\/shop\/\">\n\t\t\t\t\t\t<span class=\"elementor-button-content-wrapper\">\n\t\t\t\t\t\t<span class=\"elementor-button-icon\">\n\t\t\t\t<svg xmlns=\"http:\/\/www.w3.org\/2000\/svg\" xmlns:xlink=\"http:\/\/www.w3.org\/1999\/xlink\" width=\"512\" height=\"512\" x=\"0\" y=\"0\" viewbox=\"0 0 100 100\" style=\"enable-background:new 0 0 512 512\" xml:space=\"preserve\" class=\"\"><g><path d=\"m61.171 15.43-2.735 2.737a1.76 1.76 0 0 0 0 2.488l25.651 25.65H4.26a1.76 1.76 0 0 0-1.759 1.76v3.87c0 .971.788 1.759 1.76 1.759h79.827L58.435 79.345a1.76 1.76 0 0 0 0 2.488l2.736 2.736a1.76 1.76 0 0 0 2.488 0l33.326-33.325a1.76 1.76 0 0 0 0-2.488L63.659 15.43a1.76 1.76 0 0 0-2.488 0z\" fill=\"#324a6d\" opacity=\"1\" data-original=\"#000000\" class=\"\"><\/path><\/g><\/svg>\t\t\t<\/span>\n\t\t\t\t\t\t\t\t\t<span class=\"elementor-button-text\">Visit our Shop<\/span>\n\t\t\t\t\t<\/span>\n\t\t\t\t\t<\/a>\n\t\t\t\t<\/div>\n\t\t\t\t\t\t\t\t<\/div>\n\t\t\t\t<\/div>\n\t\t\t\t\t<\/div>\n\t\t\t\t<\/div>\n\t\t<div class=\"elementor-element elementor-element-b8d75f1 e-con-full e-flex e-con e-parent\" data-id=\"b8d75f1\" data-element_type=\"container\">\n\t\t\t\t<div class=\"elementor-element elementor-element-6c5d7ad elementor-widget elementor-widget-template\" data-id=\"6c5d7ad\" data-element_type=\"widget\" data-widget_type=\"template.default\">\n\t\t\t\t<div class=\"elementor-widget-container\">\n\t\t\t\t\t\t\t<div class=\"elementor-template\">\n\t\t\t\t\t<div data-elementor-type=\"container\" data-elementor-id=\"864\" class=\"elementor elementor-864\" data-elementor-post-type=\"elementor_library\">\n\t\t\t\t<div class=\"elementor-element elementor-element-d10d93b e-flex e-con-boxed e-con e-parent\" data-id=\"d10d93b\" data-element_type=\"container\" data-settings=\"{&quot;background_background&quot;:&quot;classic&quot;}\">\n\t\t\t\t\t<div class=\"e-con-inner\">\n\t\t\t\t<div class=\"elementor-element elementor-element-00dbfe0 elementor-widget elementor-widget-image\" data-id=\"00dbfe0\" data-element_type=\"widget\" data-settings=\"{&quot;motion_fx_motion_fx_scrolling&quot;:&quot;yes&quot;,&quot;motion_fx_translateX_effect&quot;:&quot;yes&quot;,&quot;motion_fx_translateX_direction&quot;:&quot;negative&quot;,&quot;motion_fx_translateX_speed&quot;:{&quot;unit&quot;:&quot;px&quot;,&quot;size&quot;:2,&quot;sizes&quot;:[]},&quot;motion_fx_translateX_affectedRange&quot;:{&quot;unit&quot;:&quot;%&quot;,&quot;size&quot;:&quot;&quot;,&quot;sizes&quot;:{&quot;start&quot;:0,&quot;end&quot;:100}},&quot;motion_fx_devices&quot;:[&quot;desktop&quot;,&quot;laptop&quot;,&quot;tablet&quot;,&quot;mobile&quot;]}\" data-widget_type=\"image.default\">\n\t\t\t\t<div class=\"elementor-widget-container\">\n\t\t\t\t\t\t\t\t\t\t\t\t\t\t\t<img alt=\"\" fetchpriority=\"high\" decoding=\"async\" width=\"576\" height=\"433\" src=\"https:\/\/cargone.ca\/wp-content\/uploads\/2024\/11\/Cargone_Solution_DUO_Longtail-transparent.webp\" class=\"attachment-large size-large wp-image-271\" srcset=\"https:\/\/cargone.ca\/wp-content\/uploads\/2024\/11\/Cargone_Solution_DUO_Longtail-transparent.webp 576w, https:\/\/cargone.ca\/wp-content\/uploads\/2024\/11\/Cargone_Solution_DUO_Longtail-transparent-300x226.webp 300w\" sizes=\"(max-width: 576px) 100vw, 576px\" \/>\t\t\t\t\t\t\t\t\t\t\t\t\t\t\t<\/div>\n\t\t\t\t<\/div>\n\t\t\t\t<div class=\"elementor-element elementor-element-afe42cf elementor-widget elementor-widget-heading\" data-id=\"afe42cf\" data-element_type=\"widget\" data-widget_type=\"heading.default\">\n\t\t\t\t<div class=\"elementor-widget-container\">\n\t\t\t\t\t<h2 class=\"elementor-heading-title elementor-size-default\">52% of road trips<\/h2>\t\t\t\t<\/div>\n\t\t\t\t<\/div>\n\t\t\t\t<div class=\"elementor-element elementor-element-bba8be2 elementor-widget elementor-widget-heading\" data-id=\"bba8be2\" data-element_type=\"widget\" data-widget_type=\"heading.default\">\n\t\t\t\t<div class=\"elementor-widget-container\">\n\t\t\t\t\t<h2 class=\"elementor-heading-title elementor-size-default\">are short journeys<\/h2>\t\t\t\t<\/div>\n\t\t\t\t<\/div>\n\t\t\t\t<div class=\"elementor-element elementor-element-45f12aa elementor-widget elementor-widget-button\" data-id=\"45f12aa\" data-element_type=\"widget\" data-widget_type=\"button.default\">\n\t\t\t\t<div class=\"elementor-widget-container\">\n\t\t\t\t\t\t\t\t\t<div class=\"elementor-button-wrapper\">\n\t\t\t\t\t<a class=\"elementor-button elementor-button-link elementor-size-sm\" href=\"https:\/\/cargone.ca\/en\/shop\/\">\n\t\t\t\t\t\t<span class=\"elementor-button-content-wrapper\">\n\t\t\t\t\t\t\t\t\t<span class=\"elementor-button-text\">Make a difference now<\/span>\n\t\t\t\t\t<\/span>\n\t\t\t\t\t<\/a>\n\t\t\t\t<\/div>\n\t\t\t\t\t\t\t\t<\/div>\n\t\t\t\t<\/div>\n\t\t\t\t\t<\/div>\n\t\t\t\t<\/div>\n\t\t\t\t<\/div>\n\t\t\t\t<\/div>\n\t\t\t\t\t\t<\/div>\n\t\t\t\t<\/div>\n\t\t\t\t<\/div>\n\t\t\t\t<\/div>","protected":false},"excerpt":{"rendered":"<p>Cargone dans l&rsquo;actualit\u00e9 Revue MAG Chambre de commerce et d&rsquo;industrie de Laval &#8211; Mag &#8211; Mars 2023, page 11 ACET \u00ab\u00a0Nous sommes fiers d&rsquo;aider le fondateur S\u00e9bastien Jutras \u00e0 accro\u00eetre l&rsquo;efficacit\u00e9 de la mobilit\u00e9 urbaine !\u00a0\u00bb CRQDA \u00ab\u00a0Cargone est un exemple parfait de la r\u00e9volution qui s&rsquo;op\u00e8re non seulement en transport \u00e0 v\u00e9lo, mais dans [&hellip;]<\/p>","protected":false},"author":1,"featured_media":0,"parent":0,"menu_order":0,"comment_status":"closed","ping_status":"closed","template":"","meta":{"_acf_changed":false,"_seopress_robots_primary_cat":"","_seopress_titles_title":"Cargone dans l'actualit\u00e9 %%sep%% %%sitetitle%%","_seopress_titles_desc":"D\u00e9couvrez comment Cargone optimise la mobilit\u00e9 urbaine \u00e0 Montr\u00e9al et au Canada avec des v\u00e9los cargo \u00e9lectriques efficaces, durables et adapt\u00e9s aux familles!","_seopress_robots_index":"","footnotes":""},"class_list":["post-26","page","type-page","status-publish","hentry"],"acf":[],"_links":{"self":[{"href":"https:\/\/cargone.ca\/en\/wp-json\/wp\/v2\/pages\/26","targetHints":{"allow":["GET"]}}],"collection":[{"href":"https:\/\/cargone.ca\/en\/wp-json\/wp\/v2\/pages"}],"about":[{"href":"https:\/\/cargone.ca\/en\/wp-json\/wp\/v2\/types\/page"}],"author":[{"embeddable":true,"href":"https:\/\/cargone.ca\/en\/wp-json\/wp\/v2\/users\/1"}],"replies":[{"embeddable":true,"href":"https:\/\/cargone.ca\/en\/wp-json\/wp\/v2\/comments?post=26"}],"version-history":[{"count":86,"href":"https:\/\/cargone.ca\/en\/wp-json\/wp\/v2\/pages\/26\/revisions"}],"predecessor-version":[{"id":1208,"href":"https:\/\/cargone.ca\/en\/wp-json\/wp\/v2\/pages\/26\/revisions\/1208"}],"wp:attachment":[{"href":"https:\/\/cargone.ca\/en\/wp-json\/wp\/v2\/media?parent=26"}],"curies":[{"name":"wp","href":"https:\/\/api.w.org\/{rel}","templated":true}]}}