{"id":22,"date":"2024-11-11T16:58:21","date_gmt":"2024-11-11T16:58:21","guid":{"rendered":"https:\/\/cargone.ca\/?page_id=22"},"modified":"2025-01-30T18:56:06","modified_gmt":"2025-01-30T18:56:06","slug":"notre-histoire","status":"publish","type":"page","link":"https:\/\/cargone.ca\/en\/our-story\/","title":{"rendered":"Our story"},"content":{"rendered":"<div data-elementor-type=\"wp-page\" data-elementor-id=\"22\" class=\"elementor elementor-22\" data-elementor-post-type=\"page\">\n\t\t\t\t<div class=\"elementor-element elementor-element-7a66e47 e-flex e-con-boxed e-con e-parent\" data-id=\"7a66e47\" data-element_type=\"container\" data-settings=\"{&quot;background_background&quot;:&quot;classic&quot;}\">\n\t\t\t\t\t<div class=\"e-con-inner\">\n\t\t\t\t<div class=\"elementor-element elementor-element-d81289e elementor-widget elementor-widget-heading\" data-id=\"d81289e\" data-element_type=\"widget\" data-widget_type=\"heading.default\">\n\t\t\t\t<div class=\"elementor-widget-container\">\n\t\t\t\t\t<h1 class=\"elementor-heading-title elementor-size-default\">Our story<\/h1>\t\t\t\t<\/div>\n\t\t\t\t<\/div>\n\t\t\t\t<div class=\"elementor-element elementor-element-8ac4625 elementor-widget__width-initial elementor-widget elementor-widget-text-editor\" data-id=\"8ac4625\" data-element_type=\"widget\" data-widget_type=\"text-editor.default\">\n\t\t\t\t<div class=\"elementor-widget-container\">\n\t\t\t\t\t\t\t\t\t<p>Discover the innovation and joy of the Cargone, the electric cargo bike designed to transform your daily commute. Embark on an adventure where every journey is a shared pleasure.<\/p>\t\t\t\t\t\t\t\t<\/div>\n\t\t\t\t<\/div>\n\t\t\t\t\t<\/div>\n\t\t\t\t<\/div>\n\t\t<div class=\"elementor-element elementor-element-e244056 e-flex e-con-boxed e-con e-parent\" data-id=\"e244056\" data-element_type=\"container\" data-settings=\"{&quot;background_background&quot;:&quot;classic&quot;}\">\n\t\t\t\t\t<div class=\"e-con-inner\">\n\t\t<div class=\"elementor-element elementor-element-5772dd5 e-con-full e-flex e-con e-child\" data-id=\"5772dd5\" data-element_type=\"container\">\n\t\t<div class=\"elementor-element elementor-element-0310258 e-con-full e-flex e-con e-child\" data-id=\"0310258\" data-element_type=\"container\" data-settings=\"{&quot;background_background&quot;:&quot;slideshow&quot;,&quot;background_slideshow_gallery&quot;:[{&quot;id&quot;:178,&quot;url&quot;:&quot;https:\\\/\\\/cargone.ca\\\/wp-content\\\/uploads\\\/2024\\\/11\\\/Sebastien-dans-le-monde-des-velos-cargo-long-tail.webp&quot;},{&quot;id&quot;:186,&quot;url&quot;:&quot;https:\\\/\\\/cargone.ca\\\/wp-content\\\/uploads\\\/2024\\\/11\\\/Sebastien-avec-ses-enfants-et-le-velo-Cargone.webp&quot;}],&quot;background_slideshow_loop&quot;:&quot;yes&quot;,&quot;background_slideshow_slide_duration&quot;:5000,&quot;background_slideshow_slide_transition&quot;:&quot;fade&quot;,&quot;background_slideshow_transition_duration&quot;:500}\">\n\t\t\t\t<div class=\"elementor-element elementor-element-7be9553 elementor-absolute elementor-widget elementor-widget-image\" data-id=\"7be9553\" data-element_type=\"widget\" data-settings=\"{&quot;_position&quot;:&quot;absolute&quot;,&quot;motion_fx_motion_fx_scrolling&quot;:&quot;yes&quot;,&quot;motion_fx_translateX_effect&quot;:&quot;yes&quot;,&quot;motion_fx_translateX_direction&quot;:&quot;negative&quot;,&quot;motion_fx_translateX_speed&quot;:{&quot;unit&quot;:&quot;px&quot;,&quot;size&quot;:2,&quot;sizes&quot;:[]},&quot;motion_fx_rotateZ_effect&quot;:&quot;yes&quot;,&quot;motion_fx_translateX_affectedRange&quot;:{&quot;unit&quot;:&quot;%&quot;,&quot;size&quot;:&quot;&quot;,&quot;sizes&quot;:{&quot;start&quot;:0,&quot;end&quot;:100}},&quot;motion_fx_rotateZ_speed&quot;:{&quot;unit&quot;:&quot;px&quot;,&quot;size&quot;:1,&quot;sizes&quot;:[]},&quot;motion_fx_rotateZ_affectedRange&quot;:{&quot;unit&quot;:&quot;%&quot;,&quot;size&quot;:&quot;&quot;,&quot;sizes&quot;:{&quot;start&quot;:0,&quot;end&quot;:100}},&quot;motion_fx_devices&quot;:[&quot;desktop&quot;,&quot;laptop&quot;,&quot;tablet&quot;,&quot;mobile&quot;]}\" data-widget_type=\"image.default\">\n\t\t\t\t<div class=\"elementor-widget-container\">\n\t\t\t\t\t\t\t\t\t\t\t\t\t\t\t<img alt=\"\" fetchpriority=\"high\" decoding=\"async\" width=\"750\" height=\"750\" src=\"https:\/\/cargone.ca\/wp-content\/uploads\/2024\/12\/Roue-de-velo-Cargone.webp\" class=\"attachment-large size-large wp-image-648\" srcset=\"https:\/\/cargone.ca\/wp-content\/uploads\/2024\/12\/Roue-de-velo-Cargone.webp 750w, https:\/\/cargone.ca\/wp-content\/uploads\/2024\/12\/Roue-de-velo-Cargone-300x300.webp 300w, https:\/\/cargone.ca\/wp-content\/uploads\/2024\/12\/Roue-de-velo-Cargone-150x150.webp 150w, https:\/\/cargone.ca\/wp-content\/uploads\/2024\/12\/Roue-de-velo-Cargone-600x600.webp 600w, https:\/\/cargone.ca\/wp-content\/uploads\/2024\/12\/Roue-de-velo-Cargone-100x100.webp 100w\" sizes=\"(max-width: 750px) 100vw, 750px\" \/>\t\t\t\t\t\t\t\t\t\t\t\t\t\t\t<\/div>\n\t\t\t\t<\/div>\n\t\t\t\t<\/div>\n\t\t<div class=\"elementor-element elementor-element-dad6f21 e-con-full e-flex e-con e-child\" data-id=\"dad6f21\" data-element_type=\"container\">\n\t\t\t\t<div class=\"elementor-element elementor-element-db9a5dc elementor-widget elementor-widget-heading\" data-id=\"db9a5dc\" data-element_type=\"widget\" data-widget_type=\"heading.default\">\n\t\t\t\t<div class=\"elementor-widget-container\">\n\t\t\t\t\t<h2 class=\"elementor-heading-title elementor-size-default\">2010<\/h2>\t\t\t\t<\/div>\n\t\t\t\t<\/div>\n\t\t\t\t<div class=\"elementor-element elementor-element-c60de18 elementor-widget elementor-widget-text-editor\" data-id=\"c60de18\" data-element_type=\"widget\" data-widget_type=\"text-editor.default\">\n\t\t\t\t<div class=\"elementor-widget-container\">\n\t\t\t\t\t\t\t\t\t<p>S\u00e9bastien\u2019s dive into the world of longtail cargo bikes started when he stumbled upon something exciting in a cycling blog one morning: a cargo bike.<\/p><p>Hooked by the idea, he quickly got his very own cargo bike by the afternoon.<\/p><p>After riding and racing various exotic bikes of all types, S\u00e9bastien discovered that this unassuming cargo bike provided the most fun he\u2019d had on two wheels in a long while.\u00a0<\/p><p>But what truly stood out was the sheer joy the kids experienced in the back of the bike and the satisfaction of self-propelling a grocery-getter!<\/p>\t\t\t\t\t\t\t\t<\/div>\n\t\t\t\t<\/div>\n\t\t\t\t<div class=\"elementor-element elementor-element-3046047 elementor-align-left elementor-widget elementor-widget-button\" data-id=\"3046047\" data-element_type=\"widget\" data-widget_type=\"button.default\">\n\t\t\t\t<div class=\"elementor-widget-container\">\n\t\t\t\t\t\t\t\t\t<div class=\"elementor-button-wrapper\">\n\t\t\t\t\t<a class=\"elementor-button elementor-button-link elementor-size-sm\" href=\"https:\/\/cargone.ca\/en\/contact\/#essai\">\n\t\t\t\t\t\t<span class=\"elementor-button-content-wrapper\">\n\t\t\t\t\t\t<span class=\"elementor-button-icon\">\n\t\t\t\t<svg xmlns=\"http:\/\/www.w3.org\/2000\/svg\" xmlns:xlink=\"http:\/\/www.w3.org\/1999\/xlink\" width=\"512\" height=\"512\" x=\"0\" y=\"0\" viewbox=\"0 0 100 100\" style=\"enable-background:new 0 0 512 512\" xml:space=\"preserve\" class=\"\"><g><path d=\"m61.171 15.43-2.735 2.737a1.76 1.76 0 0 0 0 2.488l25.651 25.65H4.26a1.76 1.76 0 0 0-1.759 1.76v3.87c0 .971.788 1.759 1.76 1.759h79.827L58.435 79.345a1.76 1.76 0 0 0 0 2.488l2.736 2.736a1.76 1.76 0 0 0 2.488 0l33.326-33.325a1.76 1.76 0 0 0 0-2.488L63.659 15.43a1.76 1.76 0 0 0-2.488 0z\" fill=\"#324a6d\" opacity=\"1\" data-original=\"#000000\" class=\"\"><\/path><\/g><\/svg>\t\t\t<\/span>\n\t\t\t\t\t\t\t\t\t<span class=\"elementor-button-text\">Book a free demo<\/span>\n\t\t\t\t\t<\/span>\n\t\t\t\t\t<\/a>\n\t\t\t\t<\/div>\n\t\t\t\t\t\t\t\t<\/div>\n\t\t\t\t<\/div>\n\t\t\t\t<\/div>\n\t\t\t\t<\/div>\n\t\t\t\t\t<\/div>\n\t\t\t\t<\/div>\n\t\t<div class=\"elementor-element elementor-element-f56189a e-flex e-con-boxed e-con e-parent\" data-id=\"f56189a\" data-element_type=\"container\" data-settings=\"{&quot;background_background&quot;:&quot;classic&quot;}\">\n\t\t\t\t\t<div class=\"e-con-inner\">\n\t\t<div class=\"elementor-element elementor-element-33a9d17 e-con-full e-flex e-con e-child\" data-id=\"33a9d17\" data-element_type=\"container\">\n\t\t<div class=\"elementor-element elementor-element-bf6af6e e-con-full e-flex e-con e-child\" data-id=\"bf6af6e\" data-element_type=\"container\">\n\t\t<div class=\"elementor-element elementor-element-d23326e e-con-full e-flex e-con e-child\" data-id=\"d23326e\" data-element_type=\"container\">\n\t\t\t\t<div class=\"elementor-element elementor-element-aba4d01 elementor-widget elementor-widget-heading\" data-id=\"aba4d01\" data-element_type=\"widget\" data-widget_type=\"heading.default\">\n\t\t\t\t<div class=\"elementor-widget-container\">\n\t\t\t\t\t<h2 class=\"elementor-heading-title elementor-size-default\">2011<\/h2>\t\t\t\t<\/div>\n\t\t\t\t<\/div>\n\t\t\t\t<div class=\"elementor-element elementor-element-e697fd3 elementor-widget elementor-widget-text-editor\" data-id=\"e697fd3\" data-element_type=\"widget\" data-widget_type=\"text-editor.default\">\n\t\t\t\t<div class=\"elementor-widget-container\">\n\t\t\t\t\t\t\t\t\t<p>A lot of fun and experimenting later, it became clear to the engineer that this longtail bike had major design flaws that warranted a redesign from scratch.<\/p><p>The first Cargone was designed in 2011, long before 20\u201d wheels became the gold standard on longtail cargo bikes.<\/p><p>It still serves as an inspiration (and daily driver) for our design team today.<\/p>\t\t\t\t\t\t\t\t<\/div>\n\t\t\t\t<\/div>\n\t\t\t\t<div class=\"elementor-element elementor-element-bbfcdfe elementor-align-left elementor-widget elementor-widget-button\" data-id=\"bbfcdfe\" data-element_type=\"widget\" data-widget_type=\"button.default\">\n\t\t\t\t<div class=\"elementor-widget-container\">\n\t\t\t\t\t\t\t\t\t<div class=\"elementor-button-wrapper\">\n\t\t\t\t\t<a class=\"elementor-button elementor-button-link elementor-size-sm\" href=\"https:\/\/cargone.ca\/en\/contact\/#essai\">\n\t\t\t\t\t\t<span class=\"elementor-button-content-wrapper\">\n\t\t\t\t\t\t<span class=\"elementor-button-icon\">\n\t\t\t\t<svg xmlns=\"http:\/\/www.w3.org\/2000\/svg\" xmlns:xlink=\"http:\/\/www.w3.org\/1999\/xlink\" width=\"512\" height=\"512\" x=\"0\" y=\"0\" viewbox=\"0 0 100 100\" style=\"enable-background:new 0 0 512 512\" xml:space=\"preserve\" class=\"\"><g><path d=\"m61.171 15.43-2.735 2.737a1.76 1.76 0 0 0 0 2.488l25.651 25.65H4.26a1.76 1.76 0 0 0-1.759 1.76v3.87c0 .971.788 1.759 1.76 1.759h79.827L58.435 79.345a1.76 1.76 0 0 0 0 2.488l2.736 2.736a1.76 1.76 0 0 0 2.488 0l33.326-33.325a1.76 1.76 0 0 0 0-2.488L63.659 15.43a1.76 1.76 0 0 0-2.488 0z\" fill=\"#324a6d\" opacity=\"1\" data-original=\"#000000\" class=\"\"><\/path><\/g><\/svg>\t\t\t<\/span>\n\t\t\t\t\t\t\t\t\t<span class=\"elementor-button-text\">Book a free demo<\/span>\n\t\t\t\t\t<\/span>\n\t\t\t\t\t<\/a>\n\t\t\t\t<\/div>\n\t\t\t\t\t\t\t\t<\/div>\n\t\t\t\t<\/div>\n\t\t\t\t<\/div>\n\t\t<div class=\"elementor-element elementor-element-2640d4a e-con-full e-flex e-con e-child\" data-id=\"2640d4a\" data-element_type=\"container\" data-settings=\"{&quot;background_background&quot;:&quot;slideshow&quot;,&quot;background_slideshow_gallery&quot;:[{&quot;id&quot;:182,&quot;url&quot;:&quot;https:\\\/\\\/cargone.ca\\\/wp-content\\\/uploads\\\/2024\\\/11\\\/Premier-Cargone-2011.webp&quot;},{&quot;id&quot;:188,&quot;url&quot;:&quot;https:\\\/\\\/cargone.ca\\\/wp-content\\\/uploads\\\/2024\\\/11\\\/Structure-metallique-Velo-Cargone.webp&quot;}],&quot;background_slideshow_loop&quot;:&quot;yes&quot;,&quot;background_slideshow_slide_duration&quot;:5000,&quot;background_slideshow_slide_transition&quot;:&quot;fade&quot;,&quot;background_slideshow_transition_duration&quot;:500}\">\n\t\t\t\t<div class=\"elementor-element elementor-element-2ade6d9 elementor-absolute elementor-widget elementor-widget-image\" data-id=\"2ade6d9\" data-element_type=\"widget\" data-settings=\"{&quot;_position&quot;:&quot;absolute&quot;,&quot;motion_fx_motion_fx_scrolling&quot;:&quot;yes&quot;,&quot;motion_fx_translateX_effect&quot;:&quot;yes&quot;,&quot;motion_fx_translateX_speed&quot;:{&quot;unit&quot;:&quot;px&quot;,&quot;size&quot;:2,&quot;sizes&quot;:[]},&quot;motion_fx_rotateZ_effect&quot;:&quot;yes&quot;,&quot;motion_fx_translateX_affectedRange&quot;:{&quot;unit&quot;:&quot;%&quot;,&quot;size&quot;:&quot;&quot;,&quot;sizes&quot;:{&quot;start&quot;:0,&quot;end&quot;:100}},&quot;motion_fx_rotateZ_speed&quot;:{&quot;unit&quot;:&quot;px&quot;,&quot;size&quot;:1,&quot;sizes&quot;:[]},&quot;motion_fx_rotateZ_affectedRange&quot;:{&quot;unit&quot;:&quot;%&quot;,&quot;size&quot;:&quot;&quot;,&quot;sizes&quot;:{&quot;start&quot;:0,&quot;end&quot;:100}},&quot;motion_fx_devices&quot;:[&quot;desktop&quot;,&quot;laptop&quot;,&quot;tablet&quot;,&quot;mobile&quot;]}\" data-widget_type=\"image.default\">\n\t\t\t\t<div class=\"elementor-widget-container\">\n\t\t\t\t\t\t\t\t\t\t\t\t\t\t\t<img alt=\"\" decoding=\"async\" width=\"750\" height=\"750\" src=\"https:\/\/cargone.ca\/wp-content\/uploads\/2024\/12\/Roue-de-velo-mince-Cargone.webp\" class=\"attachment-large size-large wp-image-658\" srcset=\"https:\/\/cargone.ca\/wp-content\/uploads\/2024\/12\/Roue-de-velo-mince-Cargone.webp 750w, https:\/\/cargone.ca\/wp-content\/uploads\/2024\/12\/Roue-de-velo-mince-Cargone-300x300.webp 300w, https:\/\/cargone.ca\/wp-content\/uploads\/2024\/12\/Roue-de-velo-mince-Cargone-150x150.webp 150w, https:\/\/cargone.ca\/wp-content\/uploads\/2024\/12\/Roue-de-velo-mince-Cargone-600x600.webp 600w, https:\/\/cargone.ca\/wp-content\/uploads\/2024\/12\/Roue-de-velo-mince-Cargone-100x100.webp 100w\" sizes=\"(max-width: 750px) 100vw, 750px\" \/>\t\t\t\t\t\t\t\t\t\t\t\t\t\t\t<\/div>\n\t\t\t\t<\/div>\n\t\t\t\t<\/div>\n\t\t\t\t<\/div>\n\t\t\t\t<\/div>\n\t\t\t\t\t<\/div>\n\t\t\t\t<\/div>\n\t\t<div class=\"elementor-element elementor-element-62ba757 e-con-full e-flex e-con e-parent\" data-id=\"62ba757\" data-element_type=\"container\" data-settings=\"{&quot;background_background&quot;:&quot;classic&quot;}\">\n\t\t\t\t<div class=\"elementor-element elementor-element-fc6e81a elementor-widget elementor-widget-gallery\" data-id=\"fc6e81a\" data-element_type=\"widget\" data-settings=\"{&quot;gallery_layout&quot;:&quot;justified&quot;,&quot;ideal_row_height&quot;:{&quot;unit&quot;:&quot;px&quot;,&quot;size&quot;:250,&quot;sizes&quot;:[]},&quot;ideal_row_height_tablet&quot;:{&quot;unit&quot;:&quot;px&quot;,&quot;size&quot;:100,&quot;sizes&quot;:[]},&quot;lazyload&quot;:&quot;yes&quot;,&quot;ideal_row_height_laptop&quot;:{&quot;unit&quot;:&quot;px&quot;,&quot;size&quot;:150,&quot;sizes&quot;:[]},&quot;ideal_row_height_mobile&quot;:{&quot;unit&quot;:&quot;px&quot;,&quot;size&quot;:150,&quot;sizes&quot;:[]},&quot;gap&quot;:{&quot;unit&quot;:&quot;px&quot;,&quot;size&quot;:10,&quot;sizes&quot;:[]},&quot;gap_laptop&quot;:{&quot;unit&quot;:&quot;px&quot;,&quot;size&quot;:10,&quot;sizes&quot;:[]},&quot;gap_tablet&quot;:{&quot;unit&quot;:&quot;px&quot;,&quot;size&quot;:10,&quot;sizes&quot;:[]},&quot;gap_mobile&quot;:{&quot;unit&quot;:&quot;px&quot;,&quot;size&quot;:10,&quot;sizes&quot;:[]},&quot;overlay_background&quot;:&quot;yes&quot;,&quot;content_hover_animation&quot;:&quot;fade-in&quot;}\" data-widget_type=\"gallery.default\">\n\t\t\t\t<div class=\"elementor-widget-container\">\n\t\t\t\t\t\t\t<div class=\"elementor-gallery__container\">\n\t\t\t\t\t\t\t<div class=\"e-gallery-item elementor-gallery-item elementor-animated-content\">\n\t\t\t\t\t<div class=\"e-gallery-image elementor-gallery-item__image\" data-thumbnail=\"https:\/\/cargone.ca\/wp-content\/uploads\/2024\/11\/Structure-metallique-Velo-Cargone.webp\" data-width=\"1600\" data-height=\"1200\" aria-label=\"\" role=\"img\" ><\/div>\n\t\t\t\t\t\t\t\t\t\t\t<div class=\"elementor-gallery-item__overlay\"><\/div>\n\t\t\t\t\t\t\t\t\t\t\t\t\t\t<\/div>\n\t\t\t\t\t\t\t<div class=\"e-gallery-item elementor-gallery-item elementor-animated-content\">\n\t\t\t\t\t<div class=\"e-gallery-image elementor-gallery-item__image\" data-thumbnail=\"https:\/\/cargone.ca\/wp-content\/uploads\/2024\/11\/Sebastien-avec-ses-enfants-et-le-velo-Cargone.webp\" data-width=\"2560\" data-height=\"1920\" aria-label=\"\" role=\"img\" ><\/div>\n\t\t\t\t\t\t\t\t\t\t\t<div class=\"elementor-gallery-item__overlay\"><\/div>\n\t\t\t\t\t\t\t\t\t\t\t\t\t\t<\/div>\n\t\t\t\t\t\t\t<div class=\"e-gallery-item elementor-gallery-item elementor-animated-content\">\n\t\t\t\t\t<div class=\"e-gallery-image elementor-gallery-item__image\" data-thumbnail=\"https:\/\/cargone.ca\/wp-content\/uploads\/2024\/11\/Premier-Cargone-2011.webp\" data-width=\"1600\" data-height=\"1200\" aria-label=\"\" role=\"img\" ><\/div>\n\t\t\t\t\t\t\t\t\t\t\t<div class=\"elementor-gallery-item__overlay\"><\/div>\n\t\t\t\t\t\t\t\t\t\t\t\t\t\t<\/div>\n\t\t\t\t\t\t\t<div class=\"e-gallery-item elementor-gallery-item elementor-animated-content\">\n\t\t\t\t\t<div class=\"e-gallery-image elementor-gallery-item__image\" data-thumbnail=\"https:\/\/cargone.ca\/wp-content\/uploads\/2024\/11\/Sebastien-dans-le-monde-des-velos-cargo-long-tail.webp\" data-width=\"2048\" data-height=\"1536\" aria-label=\"\" role=\"img\" ><\/div>\n\t\t\t\t\t\t\t\t\t\t\t<div class=\"elementor-gallery-item__overlay\"><\/div>\n\t\t\t\t\t\t\t\t\t\t\t\t\t\t<\/div>\n\t\t\t\t\t\t\t<div class=\"e-gallery-item elementor-gallery-item elementor-animated-content\">\n\t\t\t\t\t<div class=\"e-gallery-image elementor-gallery-item__image\" data-thumbnail=\"https:\/\/cargone.ca\/wp-content\/uploads\/2024\/11\/Velo-cargo-Cargone-avec-des-boites-a-transporter.webp\" data-width=\"2560\" data-height=\"1920\" aria-label=\"\" role=\"img\" ><\/div>\n\t\t\t\t\t\t\t\t\t\t\t<div class=\"elementor-gallery-item__overlay\"><\/div>\n\t\t\t\t\t\t\t\t\t\t\t\t\t\t<\/div>\n\t\t\t\t\t<\/div>\n\t\t\t\t\t<\/div>\n\t\t\t\t<\/div>\n\t\t\t\t<div class=\"elementor-element elementor-element-95f2039 elementor-hidden-mobile elementor-widget elementor-widget-gallery\" data-id=\"95f2039\" data-element_type=\"widget\" data-settings=\"{&quot;gallery_layout&quot;:&quot;justified&quot;,&quot;ideal_row_height&quot;:{&quot;unit&quot;:&quot;px&quot;,&quot;size&quot;:325,&quot;sizes&quot;:[]},&quot;lazyload&quot;:&quot;yes&quot;,&quot;ideal_row_height_laptop&quot;:{&quot;unit&quot;:&quot;px&quot;,&quot;size&quot;:150,&quot;sizes&quot;:[]},&quot;ideal_row_height_tablet&quot;:{&quot;unit&quot;:&quot;px&quot;,&quot;size&quot;:150,&quot;sizes&quot;:[]},&quot;ideal_row_height_mobile&quot;:{&quot;unit&quot;:&quot;px&quot;,&quot;size&quot;:150,&quot;sizes&quot;:[]},&quot;gap&quot;:{&quot;unit&quot;:&quot;px&quot;,&quot;size&quot;:10,&quot;sizes&quot;:[]},&quot;gap_laptop&quot;:{&quot;unit&quot;:&quot;px&quot;,&quot;size&quot;:10,&quot;sizes&quot;:[]},&quot;gap_tablet&quot;:{&quot;unit&quot;:&quot;px&quot;,&quot;size&quot;:10,&quot;sizes&quot;:[]},&quot;gap_mobile&quot;:{&quot;unit&quot;:&quot;px&quot;,&quot;size&quot;:10,&quot;sizes&quot;:[]},&quot;overlay_background&quot;:&quot;yes&quot;,&quot;content_hover_animation&quot;:&quot;fade-in&quot;}\" data-widget_type=\"gallery.default\">\n\t\t\t\t<div class=\"elementor-widget-container\">\n\t\t\t\t\t\t\t<div class=\"elementor-gallery__container\">\n\t\t\t\t\t\t\t<div class=\"e-gallery-item elementor-gallery-item elementor-animated-content\">\n\t\t\t\t\t<div class=\"e-gallery-image elementor-gallery-item__image\" data-thumbnail=\"https:\/\/cargone.ca\/wp-content\/uploads\/2025\/01\/Prototype-velo-Cargone-avec-une-charge.webp\" data-width=\"364\" data-height=\"273\" aria-label=\"\" role=\"img\" ><\/div>\n\t\t\t\t\t\t\t\t\t\t\t<div class=\"elementor-gallery-item__overlay\"><\/div>\n\t\t\t\t\t\t\t\t\t\t\t\t\t\t<\/div>\n\t\t\t\t\t\t\t<div class=\"e-gallery-item elementor-gallery-item elementor-animated-content\">\n\t\t\t\t\t<div class=\"e-gallery-image elementor-gallery-item__image\" data-thumbnail=\"https:\/\/cargone.ca\/wp-content\/uploads\/2025\/01\/Prototype-velo-Cargone-avec-une-charge-humaine.webp\" data-width=\"364\" data-height=\"273\" aria-label=\"\" role=\"img\" ><\/div>\n\t\t\t\t\t\t\t\t\t\t\t<div class=\"elementor-gallery-item__overlay\"><\/div>\n\t\t\t\t\t\t\t\t\t\t\t\t\t\t<\/div>\n\t\t\t\t\t\t\t<div class=\"e-gallery-item elementor-gallery-item elementor-animated-content\">\n\t\t\t\t\t<div class=\"e-gallery-image elementor-gallery-item__image\" data-thumbnail=\"https:\/\/cargone.ca\/wp-content\/uploads\/2025\/01\/Prototype-velo-Cargone-avec-une-charge-de-boites-et-son-pilote.webp\" data-width=\"364\" data-height=\"273\" aria-label=\"\" role=\"img\" ><\/div>\n\t\t\t\t\t\t\t\t\t\t\t<div class=\"elementor-gallery-item__overlay\"><\/div>\n\t\t\t\t\t\t\t\t\t\t\t\t\t\t<\/div>\n\t\t\t\t\t\t\t<div class=\"e-gallery-item elementor-gallery-item elementor-animated-content\">\n\t\t\t\t\t<div class=\"e-gallery-image elementor-gallery-item__image\" data-thumbnail=\"https:\/\/cargone.ca\/wp-content\/uploads\/2025\/01\/Prototype-velo-Cargone-avec-une-extension-de-velo-arriere-ajuste.webp\" data-width=\"364\" data-height=\"273\" aria-label=\"\" role=\"img\" ><\/div>\n\t\t\t\t\t\t\t\t\t\t\t<div class=\"elementor-gallery-item__overlay\"><\/div>\n\t\t\t\t\t\t\t\t\t\t\t\t\t\t<\/div>\n\t\t\t\t\t<\/div>\n\t\t\t\t\t<\/div>\n\t\t\t\t<\/div>\n\t\t\t\t<\/div>\n\t\t<div class=\"elementor-element elementor-element-0345d61 e-flex e-con-boxed e-con e-parent\" data-id=\"0345d61\" data-element_type=\"container\">\n\t\t\t\t\t<div class=\"e-con-inner\">\n\t\t\t\t<div class=\"elementor-element elementor-element-4f4d950 elementor-widget elementor-widget-template\" data-id=\"4f4d950\" data-element_type=\"widget\" data-widget_type=\"template.default\">\n\t\t\t\t<div class=\"elementor-widget-container\">\n\t\t\t\t\t\t\t<div class=\"elementor-template\">\n\t\t\t\t\t<div data-elementor-type=\"container\" data-elementor-id=\"833\" class=\"elementor elementor-833\" data-elementor-post-type=\"elementor_library\">\n\t\t\t\t<div class=\"elementor-element elementor-element-011308f e-flex e-con-boxed e-con e-parent\" data-id=\"011308f\" data-element_type=\"container\" data-settings=\"{&quot;background_background&quot;:&quot;classic&quot;}\">\n\t\t\t\t\t<div class=\"e-con-inner\">\n\t\t<div class=\"elementor-element elementor-element-1aa8237 e-con-full e-flex e-con e-child\" data-id=\"1aa8237\" data-element_type=\"container\" data-settings=\"{&quot;background_background&quot;:&quot;classic&quot;}\">\n\t\t\t\t<div class=\"elementor-element elementor-element-c5a2cfb elementor-widget elementor-widget-heading\" data-id=\"c5a2cfb\" data-element_type=\"widget\" data-widget_type=\"heading.default\">\n\t\t\t\t<div class=\"elementor-widget-container\">\n\t\t\t\t\t<h2 class=\"elementor-heading-title elementor-size-default\">Book a free demo of our cargo bike<\/h2>\t\t\t\t<\/div>\n\t\t\t\t<\/div>\n\t\t\t\t<div class=\"elementor-element elementor-element-1d06ad8 elementor-widget__width-initial elementor-widget elementor-widget-text-editor\" data-id=\"1d06ad8\" data-element_type=\"widget\" data-widget_type=\"text-editor.default\">\n\t\t\t\t<div class=\"elementor-widget-container\">\n\t\t\t\t\t\t\t\t\t<p>Whether you're buying a cargo bike for the first time or looking for an upgrade, the best way to find out if the Cargone cargo bike is right for you is to try it out.<\/p><p>Testing the Cargone cargo bike is more than just a ride in a parking lot. It's an opportunity for you to find out if our bike is right for your riding needs.<\/p>\t\t\t\t\t\t\t\t<\/div>\n\t\t\t\t<\/div>\n\t\t\t\t<div class=\"elementor-element elementor-element-118f479 elementor-align-center elementor-widget elementor-widget-button\" data-id=\"118f479\" data-element_type=\"widget\" data-widget_type=\"button.default\">\n\t\t\t\t<div class=\"elementor-widget-container\">\n\t\t\t\t\t\t\t\t\t<div class=\"elementor-button-wrapper\">\n\t\t\t\t\t<a class=\"elementor-button elementor-button-link elementor-size-sm\" href=\"https:\/\/cargone.ca\/en\/contact\/#essai\">\n\t\t\t\t\t\t<span class=\"elementor-button-content-wrapper\">\n\t\t\t\t\t\t\t\t\t<span class=\"elementor-button-text\">Book a free demo<\/span>\n\t\t\t\t\t<\/span>\n\t\t\t\t\t<\/a>\n\t\t\t\t<\/div>\n\t\t\t\t\t\t\t\t<\/div>\n\t\t\t\t<\/div>\n\t\t\t\t<\/div>\n\t\t\t\t\t<\/div>\n\t\t\t\t<\/div>\n\t\t\t\t<\/div>\n\t\t\t\t<\/div>\n\t\t\t\t\t\t<\/div>\n\t\t\t\t<\/div>\n\t\t\t\t\t<\/div>\n\t\t\t\t<\/div>\n\t\t\t\t<\/div>","protected":false},"excerpt":{"rendered":"<p>Notre histoire D\u00e9couvrez l&rsquo;innovation et la joie du Cargone, le v\u00e9lo cargo \u00e9lectrique con\u00e7u pour transformer vos trajets quotidiens. Embarquez pour une aventure o\u00f9 chaque voyage est un plaisir partag\u00e9. 2010 Le saut de S\u00e9bastien dans le monde des v\u00e9los cargo longtail a commenc\u00e9 lorsqu&rsquo;il est tomb\u00e9 un matin sur quelque chose de compl\u00e8tement nouveau [&hellip;]<\/p>","protected":false},"author":1,"featured_media":0,"parent":0,"menu_order":0,"comment_status":"closed","ping_status":"closed","template":"","meta":{"_acf_changed":false,"_seopress_robots_primary_cat":"","_seopress_titles_title":"%%post_title%% %%sep%% %%sitetitle%%","_seopress_titles_desc":"D\u00e9couvrez l'innovation du v\u00e9lo cargo Cargone. Profitez de la joie et partagez chaque aventure. Essayez le maintenant gratuitement !","_seopress_robots_index":"","footnotes":""},"class_list":["post-22","page","type-page","status-publish","hentry"],"acf":[],"_links":{"self":[{"href":"https:\/\/cargone.ca\/en\/wp-json\/wp\/v2\/pages\/22","targetHints":{"allow":["GET"]}}],"collection":[{"href":"https:\/\/cargone.ca\/en\/wp-json\/wp\/v2\/pages"}],"about":[{"href":"https:\/\/cargone.ca\/en\/wp-json\/wp\/v2\/types\/page"}],"author":[{"embeddable":true,"href":"https:\/\/cargone.ca\/en\/wp-json\/wp\/v2\/users\/1"}],"replies":[{"embeddable":true,"href":"https:\/\/cargone.ca\/en\/wp-json\/wp\/v2\/comments?post=22"}],"version-history":[{"count":92,"href":"https:\/\/cargone.ca\/en\/wp-json\/wp\/v2\/pages\/22\/revisions"}],"predecessor-version":[{"id":1200,"href":"https:\/\/cargone.ca\/en\/wp-json\/wp\/v2\/pages\/22\/revisions\/1200"}],"wp:attachment":[{"href":"https:\/\/cargone.ca\/en\/wp-json\/wp\/v2\/media?parent=22"}],"curies":[{"name":"wp","href":"https:\/\/api.w.org\/{rel}","templated":true}]}}