{"id":1088,"date":"2025-01-24T14:14:27","date_gmt":"2025-01-24T14:14:27","guid":{"rendered":"https:\/\/cargone.ca\/?page_id=1088"},"modified":"2025-01-30T18:53:42","modified_gmt":"2025-01-30T18:53:42","slug":"financement","status":"publish","type":"page","link":"https:\/\/cargone.ca\/en\/financing\/","title":{"rendered":"Financing"},"content":{"rendered":"<div data-elementor-type=\"wp-page\" data-elementor-id=\"1088\" class=\"elementor elementor-1088\" data-elementor-post-type=\"page\">\n\t\t\t\t<div class=\"elementor-element elementor-element-466d9a2 e-flex e-con-boxed e-con e-parent\" data-id=\"466d9a2\" data-element_type=\"container\" data-settings=\"{&quot;background_background&quot;:&quot;classic&quot;}\">\n\t\t\t\t\t<div class=\"e-con-inner\">\n\t\t\t\t<div class=\"elementor-element elementor-element-fecc294 elementor-widget elementor-widget-heading\" data-id=\"fecc294\" data-element_type=\"widget\" data-widget_type=\"heading.default\">\n\t\t\t\t<div class=\"elementor-widget-container\">\n\t\t\t\t\t<h1 class=\"elementor-heading-title elementor-size-default\">Financing solutions<\/h1>\t\t\t\t<\/div>\n\t\t\t\t<\/div>\n\t\t\t\t\t<\/div>\n\t\t\t\t<\/div>\n\t\t<div class=\"elementor-element elementor-element-f16ffcf e-con-full e-flex e-con e-parent\" data-id=\"f16ffcf\" data-element_type=\"container\" data-settings=\"{&quot;background_background&quot;:&quot;classic&quot;}\">\n\t\t\t\t<div class=\"elementor-element elementor-element-ab4f2c4 elementor-widget__width-initial elementor-widget elementor-widget-text-editor\" data-id=\"ab4f2c4\" data-element_type=\"widget\" data-widget_type=\"text-editor.default\">\n\t\t\t\t<div class=\"elementor-widget-container\">\n\t\t\t\t\t\t\t\t\t<h2 class=\"h1\">PayPlan by RBC<\/h2><div><p>Clear, transparent terms. Fair rates.No prepayment penalties.<\/p><\/div>\t\t\t\t\t\t\t\t<\/div>\n\t\t\t\t<\/div>\n\t\t\t\t<div class=\"elementor-element elementor-element-1de2085 elementor-widget elementor-widget-button\" data-id=\"1de2085\" data-element_type=\"widget\" data-widget_type=\"button.default\">\n\t\t\t\t<div class=\"elementor-widget-container\">\n\t\t\t\t\t<style>.elementor-element-1de2085{display:none !important}<\/style>\t\t\t\t<\/div>\n\t\t\t\t<\/div>\n\t\t\t\t<\/div>\n\t\t<div class=\"elementor-element elementor-element-36e93ff e-flex e-con-boxed e-con e-parent\" data-id=\"36e93ff\" data-element_type=\"container\">\n\t\t\t\t\t<div class=\"e-con-inner\">\n\t\t\t\t<div class=\"elementor-element elementor-element-6527a18 elementor-widget elementor-widget-spacer\" data-id=\"6527a18\" data-element_type=\"widget\" data-widget_type=\"spacer.default\">\n\t\t\t\t<div class=\"elementor-widget-container\">\n\t\t\t\t\t\t\t<div class=\"elementor-spacer\">\n\t\t\t<div class=\"elementor-spacer-inner\"><\/div>\n\t\t<\/div>\n\t\t\t\t\t\t<\/div>\n\t\t\t\t<\/div>\n\t\t\t\t<div class=\"elementor-element elementor-element-985e2b9 elementor-widget elementor-widget-html\" data-id=\"985e2b9\" data-element_type=\"widget\" data-widget_type=\"html.default\">\n\t\t\t\t<div class=\"elementor-widget-container\">\n\t\t\t\t\t<!DOCTYPE html>\r\n<html lang=\"en\">\r\n  <head>\r\n    <meta charset=\"UTF-8\" \/>\r\n    <meta name=\"viewport\" content=\"width=device-width, initial-scale=1\" \/>\r\n    <title>Financing<\/title>\r\n  <\/head>\r\n  <body>\r\n    <!--\r\n  Install Checklist\r\n\r\n  1. Add this template to your site, and replace \"your-integration-key-here\" on line 433 with your PREVIEW integration key for testing purposes\r\n  2. When you are ready to launch the page, on line 17 replace <script src=\"https:\/\/connect-preview.rbcpayplan.com\/sdk.js\"><\/script> with <script src=\"https:\/\/connect.rbcpayplan.com\/sdk.js\"><\/script>\r\n  3. On line 433 replace \"your-integration-key-here\" with your PRODUCTION integration key\r\n\r\n -->\r\n    <script src=\"https:\/\/connect-preview.rbcpayplan.com\/sdk.js\"><\/script>\r\n\r\n    <style>\r\n\r\n      <!--\r\n          \/* ADJUST YOUR PRIMARY AND SECONDARY FONTS HERE *\/\r\n          @import url(\"https:\/\/fonts.googleapis.com\/css2?family=Roboto\");\r\n          @import url('https:\/\/fonts.googleapis.com\/css2?family=Roboto:wght@700&display=swap');\r\n\r\n\r\n          \/* SET UNIVERSAL COLORS AND IMAGE HERE *\/\r\n\r\n            :root {\r\n            --brand-color-medium: #006ac3;\r\n            --buttons-hover-color: #006ac3;\r\n            --header-color: #006ac3;\r\n            --background-photo-url: url('');\r\n            --brand-font-family: 'Roboto',Helvetica,sans-serif;\r\n            --font-color:#1E2E36;\r\n          }\r\n\r\n          body {\r\n            margin: 0;\r\n            padding: 0;\r\n          }\r\n\r\n\r\n          .payplan-content-inner {\r\n            position: absolute;\r\n            width: 90%;\r\n            top: 50%;\r\n            left: 50%;\r\n            -webkit-transform: translate(-50%, -50%);\r\n            -ms-transform: translate(-50%, -50%);\r\n            transform: translate(-50%, -50%);\r\n          }\r\n\r\n          .payplan-points {\r\n            margin-top: 50px;\r\n          }\r\n\r\n          .payplan-section {\r\n            position: relative;\r\n            width: 100%;\r\n            text-align: center;\r\n          }\r\n\r\n\r\n          .payplan-style {\r\n            box-sizing: border-box;\r\n            font-family: var(--brand-font-family);\r\n            font-size: 16px;\r\n          }\r\n\r\n          .payplan-main p {\r\n            color: var(--font-color);\r\n          }\r\n\r\n          .payplan-header {\r\n            min-height: 350px;\r\n            background: var(--header-color);\r\n            color: #fff;\r\n            background-size: 150px;\r\n            background-position: center;\r\n            background-color: #006ac3;\r\n            background-repeat: repeat;\r\n\r\n\r\n          }\r\n\r\n          .payplan-header h1 {\r\n            margin: 0;\r\n            font-family: var(--brand-font-family);\r\n            font-size: 50px;\r\n            line-height: 50px;\r\n            font-weight: 800;\r\n            color:#fff;\r\n          }\r\n\r\n          .payplan-header p {\r\n            margin: 2em 0;\r\n          }\r\n\r\n          .payplan-header .payplan-content-inner p {\r\n            color: white;\r\n          }\r\n\r\n\r\n          .payplan-style h2 {\r\n            font-family: var(--brand-font-family);\r\n            font-style: normal;\r\n            font-weight: 800;\r\n            font-size: 40px;\r\n            line-height: 49px;\r\n            color: var(--font-color);\r\n          }\r\n\r\n\r\n          .payplan-style h3 {\r\n            margin: 0;\r\n            font-family: var(--brand-font-family);\r\n            font-size: 1em;\r\n            color: var(--font-color);\r\n          }\r\n\r\n\r\n          .payplan-main {\r\n            background: #fff;\r\n            color: #333;\r\n          }\r\n\r\n\r\n          .payplan-check-your-rate {\r\n            color: #FFFFFF;\r\n            font-family: var(--brand-font-family);\r\n            background: #006ac3;\r\n            margin-bottom: 20px;\r\n            font-size: 23px;\r\n            line-height: 40px;\r\n            font-weight: 800;\r\n            margin-bottom: 6px;\r\n            max-width: 625px;\r\n            width: 80%;\r\n            margin: 0 auto;\r\n          }\r\n\r\n          \/* 'CHECK YOUR RATE' BOX *\/\r\n          .payplan-rate-box {\r\n            height: 250px;\r\n            background: #006ac3;\r\n            color: #333;\r\n          }\r\n\r\n         \/* .payplan-footer {\r\n            background: #edeeef;\r\n            color: #333;\r\n            overflow-wrap: break-word;\r\n            margin: auto; *\/\r\n\r\n          }\r\n\r\n          .payplan-contact {\r\n            margin-bottom: 50px;\r\n          }\r\n\r\n          .payplan-disclosure {\r\n            font-size: 14px;\r\n            margin: 0 auto;\r\n            width: 70%;\r\n            padding: 10px 0;\r\n          }\r\n\r\n          a,\r\n          .payplan-contact-info {\r\n            text-decoration: none;\r\n            color: var(--brand-color-medium);\r\n          }\r\n\r\n      .bread-promo a {\r\n        color: white;\r\n      }\r\n\r\n\r\n\r\n      .bread-promo.one {\r\n            background: var(--buttons-hover-color);\r\n            border-radius: 5px;\r\n            font-family: var(--brand-font-family);\r\n            font-style: normal;\r\n            font-weight: bold;\r\n            font-size: 16px;\r\n            line-height: 22px;\r\n            display: flex;\r\n            align-items: center;\r\n            text-align: center;\r\n            color: #FFFFFF;\r\n            width: 100%;\r\n            height: 50px;\r\n            max-width: 280px;\r\n            justify-content: center;\r\n            border: 1px solid var(--brand-color-medium);\r\n            text-transform: uppercase;\r\n            cursor: pointer;\r\n            margin: 30px auto 0px auto;\r\n            border: 1px solid #FFFFFF;\r\n            border-radius: 5px;\r\n          }\r\n\r\n          .payplan-promo.one:hover {\r\n            background-color: var(--brand-color-medium);\r\n            border: 1px solid #fff;\r\n            text-decoration: none;\r\n            color: #fff;\r\n            transition: all 0.4s ease;\r\n          }\r\n\r\n\r\n\r\n\r\n          .bread-promo.bread-promo-two {\r\n            background: var(--buttons-hover-color);\r\n            border: 1px solid #FFFFFF;\r\n            border-radius: 5px;\r\n            min-width: 15px;\r\n            width: 100%;\r\n            max-width: 250px;\r\n            font-style: normal;\r\n            font-weight: bold;\r\n            font-size: 16px;\r\n            line-height: 22px;\r\n            display: flex;\r\n            margin: auto;\r\n            text-align: center;\r\n            height: 50px;\r\n            justify-content: center;\r\n            color: #FFFFFF;\r\n            margin: 30px auto 0px auto;\r\n            align-items: center;\r\n            font-family: var(--brand-font-family);\r\n\r\n          }\r\n\r\n\r\n          .bread-promo.bread-promo-two:hover {\r\n            color: #fff;\r\n            border: 1px solid #FFFFFF;\r\n            transition: all 0.4s ease;\r\n            background: var(--brand-color-medium);\r\n            transition: all 0.4s ease;\r\n          }\r\n\r\n          .payplan-learn-more {\r\n            font-family: var(--brand-font-family);\r\n            font-style: normal;\r\n            font-weight: 800;\r\n            font-size: 18px;\r\n            line-height: 28px;\r\n            color: var(--brand-color-medium);\r\n            text-transform: uppercase;\r\n            position: relative;\r\n            width: 100%;\r\n            text-align: center;\r\n          }\r\n\r\n      #subhead-terms {\r\n        color: black !important;\r\n      }\r\n\r\n      .payplan-three-col div {\r\n        margin: 50px 20px 0;\r\n      }\r\n\r\n      .payplan-three-col img {\r\n        margin-bottom: 15px;\r\n      }\r\n\r\n      p{\r\n        padding: 5px 0;\r\n        line-height: 1.3;\r\n      }\r\n\r\n      @media ALL and (min-width: 768px) {\r\n\r\n        .payplan-three-col {\r\n          display: flex;\r\n          padding: 0px 15px;\r\n          justify-content: space-between;\r\n        }\r\n\r\n        .payplan-three-col div {\r\n          width: 30%;\r\n          margin: 0;\r\n        }\r\n\r\n        .payplan-points {\r\n          margin-top: 75px;\r\n        }\r\n\r\n        .payplan-style h3 {\r\n              font-size: 1.25em !important;\r\n        }\r\n\r\n        p {\r\n          padding: 0;\r\n        }\r\n\r\n\r\n      }\r\n\r\n      .payplan-questions {\r\n        margin-top: 40px;\r\n        color: black;\r\n      }\r\n\r\n      .payplan-questions p {\r\n        font-size: 23px;\r\n        font-weight: bold;\r\n        text-align: center;\r\n        font-family: var(--brand-font-family);\r\n      }\r\n\r\n\r\n\r\n      -->\r\n    <\/style>\r\n    <body>\r\n      <div class=\"payplan-header payplan-section payplan-style\">\r\n        <div class=\"payplan-content-inner\">\r\n          <h1>Financing Available<\/h1>\r\n          <p>\r\n           Clear, transparent terms. Fair rates. No prepayment penalties.\r\n<br \/><br \/>\r\n          <\/p>\r\n          <div class=\"bread-promo one\" id=\"bread-placement-1\">Low Monthly Payments. Learn More<\/div>\r\n        <\/div>\r\n      <\/div>\r\n      <div class=\"payplan-main payplan-section payplan-style\">\r\n        <h2>Pay Over Time<\/h2>\r\n        <p>\r\n          We provide easy and affordable financing through our partner,\r\n          <b\r\n            ><a\r\n              href=\"https:\/\/www.rbcroyalbank.com\/payplan\/index.html\"\r\n              target=\"_blank\"\r\n              rel=\"noopener noreferrer\"\r\n              ><u>PayPlan by RBC\u2122<\/u><\/a\r\n><\/b\r\n>, so you can pay for your purchase over time.\r\n        <\/p>\r\n        <div class=\"payplan-points\">\r\n          <div class=\"payplan-three-col\">\r\n            <div>\r\n              <img decoding=\"async\"\r\n                src=\"https:\/\/i.imgur.com\/aPfHaZ2.png\"\r\n                alt=\"calendar icon\"\r\n                style=\"width: 50px\"\r\n              \/>\r\n              <h3>Affordable Monthly Plans<\/h3>\r\n              <p>\r\n              Buy now and pay for your purchase over time at competitive interest rates.\r\n              <\/p>\r\n            <\/div>\r\n            <div>\r\n              <img decoding=\"async\"\r\n                src=\"https:\/\/i.imgur.com\/dfO5XM4.png\"\r\n                alt=\"thumbs up icon\"\r\n                style=\"width: 50px\"\r\n              \/>\r\n              <h3>No Prepayment Penalties<\/h3>\r\n              <p>\r\n             Pay for your purchase with monthly payments and prepay at any time without penalty.\r\n\r\n\r\n              <\/p>\r\n            <\/div>\r\n            <div>\r\n              <img decoding=\"async\"\r\n                src=\"https:\/\/i.imgur.com\/BK7Sumn.png\"\r\n                alt=\"clock icon\"\r\n                style=\"width: 50px\"\r\n              \/>\r\n              <h3>Easy Application<\/h3>\r\n              <p>\r\n             Get a decision in seconds with no obligation to buy. Checking your rate won't affect your credit score. Your data is safe and encrypted.\r\n              <\/p>\r\n            <\/div>\r\n          <\/div>\r\n          <br \/>\r\n          <div class=\"payplan-section payplan-learn-more\">\r\n            <br \/>\r\n            <a\r\n              href=\"https:\/\/www.rbcroyalbank.com\/payplan\/index.html\"\r\n              target=\"_blank\"\r\n              rel=\"noopener noreferrer\"\r\n              >LEARN MORE \u25ba<\/a\r\n><br \/><br \/>\r\n          <\/div>\r\n        <\/div>\r\n      <\/div>\r\n      <br \/>\r\n      <div class=\"payplan-rate-box payplan-section payplan-style\">\r\n        <div class=\"payplan-content-inner payplan-check-your-rate\">\r\n          <p>\r\n            Check your rate in seconds <br \/>\r\n            without leaving our site <br \/>\r\n          <\/p>\r\n          <div class=\"bread-promo bread-promo-two\" id=\"bread-placement-2\">\r\n            Low Monthly Payments. Learn More\r\n          <\/div>\r\n        <\/div>\r\n      <\/div>\r\n      <div class=\"payplan-questions\">\r\n        <p>\r\n          Questions? Check the PayPlan by RBC\u2122 <a href=\"https:\/\/www.rbcroyalbank.com\/payplan\/faq.html\">FAQs<\/a>. \r\n          <sup>MT<\/sup> Trademark of Royal Bank of Canada. Used under licence.\r\n        <\/p>\r\n      <\/div>\r\n\r\n      <div class=\"payplan-footer payplan-section payplan-style\">\r\n        <p class=\"payplan-disclosure\"><\/p>\r\n      <\/div>\r\n\r\n      <script>\r\n        var placements = [\r\n          {\r\n            allowCheckout: false,\r\n            domID: \"bread-placement-1\",\r\n          },\r\n          {\r\n            allowCheckout: false,\r\n            domID: \"bread-placement-2\",\r\n          },\r\n        ];\r\n\r\n        RBCPayPlan.setup({\r\n          integrationKey: \"your-integration-key-here\",\r\n        });\r\n\r\n        RBCPayPlan.on(\"INSTALLMENT:APPLICATION_CHECKOUT\", () => {});\r\n\r\n        RBCPayPlan.on(\"INSTALLMENT:APPLICATION_DECISIONED\", () => {});\r\n\r\n        RBCPayPlan.registerPlacements(placements);\r\n      <\/script>\r\n    <\/body>\r\n    <!-- END FINANCING PAGE CODE -->\r\n  <\/body>\r\n<\/html>\t\t\t\t<\/div>\n\t\t\t\t<\/div>\n\t\t\t\t\t<\/div>\n\t\t\t\t<\/div>\n\t\t\t\t<\/div>","protected":false},"excerpt":{"rendered":"<p>Solutions de financement PayPlan de RBC Conditions claires et transparentes. Tarifs \u00e9quitables. Pas de p\u00e9nalit\u00e9s de remboursement anticip\u00e9. Paiement mensuel r\u00e9duit &#8211; En savoir plus Financing Financement disponible Des conditions claires et transparentes. Des tarifs \u00e9quitables. Aucune p\u00e9nalit\u00e9 de remboursement anticip\u00e9. Paiements mensuels peu \u00e9lev\u00e9s. En savoir plus Payer au fil du temps Nous offrons [&hellip;]<\/p>","protected":false},"author":1,"featured_media":0,"parent":0,"menu_order":0,"comment_status":"closed","ping_status":"closed","template":"","meta":{"_acf_changed":false,"_seopress_robots_primary_cat":"","_seopress_titles_title":"%%post_title%% %%sep%% %%sitetitle%%","_seopress_titles_desc":"Profitez d'un financement clair et abordable avec PayPlan de RBC. Des paiements mensuels r\u00e9duits et aucune p\u00e9nalit\u00e9 de remboursement anticip\u00e9.","_seopress_robots_index":"","footnotes":""},"class_list":["post-1088","page","type-page","status-publish","hentry"],"acf":[],"_links":{"self":[{"href":"https:\/\/cargone.ca\/en\/wp-json\/wp\/v2\/pages\/1088","targetHints":{"allow":["GET"]}}],"collection":[{"href":"https:\/\/cargone.ca\/en\/wp-json\/wp\/v2\/pages"}],"about":[{"href":"https:\/\/cargone.ca\/en\/wp-json\/wp\/v2\/types\/page"}],"author":[{"embeddable":true,"href":"https:\/\/cargone.ca\/en\/wp-json\/wp\/v2\/users\/1"}],"replies":[{"embeddable":true,"href":"https:\/\/cargone.ca\/en\/wp-json\/wp\/v2\/comments?post=1088"}],"version-history":[{"count":33,"href":"https:\/\/cargone.ca\/en\/wp-json\/wp\/v2\/pages\/1088\/revisions"}],"predecessor-version":[{"id":1222,"href":"https:\/\/cargone.ca\/en\/wp-json\/wp\/v2\/pages\/1088\/revisions\/1222"}],"wp:attachment":[{"href":"https:\/\/cargone.ca\/en\/wp-json\/wp\/v2\/media?parent=1088"}],"curies":[{"name":"wp","href":"https:\/\/api.w.org\/{rel}","templated":true}]}}